{"id":2564,"date":"2023-11-07T21:57:33","date_gmt":"2023-11-07T21:57:33","guid":{"rendered":"https:\/\/yemaksantebeaute.com\/?page_id=2564"},"modified":"2025-06-15T23:04:20","modified_gmt":"2025-06-15T23:04:20","slug":"levres","status":"publish","type":"page","link":"https:\/\/yemaksantebeaute.com\/en\/levres\/","title":{"rendered":"Lips"},"content":{"rendered":"<div data-elementor-type=\"wp-page\" data-elementor-id=\"2564\" class=\"elementor elementor-2564\" data-elementor-settings=\"{&quot;ha_cmc_init_switcher&quot;:&quot;no&quot;}\">\n\t\t\t\t\t\t<section class=\"elementor-section elementor-top-section elementor-element elementor-element-e1b56c4 elementor-section-boxed elementor-section-height-default elementor-section-height-default wpr-particle-no wpr-jarallax-no wpr-parallax-no wpr-sticky-section-no\" data-id=\"e1b56c4\" data-element_type=\"section\" data-e-type=\"section\" data-settings=\"{&quot;_ha_eqh_enable&quot;:false}\">\n\t\t\t\t\t\t<div class=\"elementor-container elementor-column-gap-default\">\n\t\t\t\t\t<div class=\"elementor-column elementor-col-100 elementor-top-column elementor-element elementor-element-0d4d255\" data-id=\"0d4d255\" data-element_type=\"column\" data-e-type=\"column\">\n\t\t\t<div class=\"elementor-widget-wrap elementor-element-populated\">\n\t\t\t\t\t\t<div class=\"elementor-element elementor-element-5d371a3 elementor-widget elementor-widget-heading\" data-id=\"5d371a3\" data-element_type=\"widget\" data-e-type=\"widget\" data-widget_type=\"heading.default\">\n\t\t\t\t<div class=\"elementor-widget-container\">\n\t\t\t\t\t<h2 class=\"elementor-heading-title elementor-size-default\">L\u00e8vres.<\/h2>\t\t\t\t<\/div>\n\t\t\t\t<\/div>\n\t\t\t\t\t<\/div>\n\t\t<\/div>\n\t\t\t\t\t<\/div>\n\t\t<\/section>\n\t\t\t\t<section class=\"elementor-section elementor-top-section elementor-element elementor-element-a5a2efc elementor-section-boxed elementor-section-height-default elementor-section-height-default wpr-particle-no wpr-jarallax-no wpr-parallax-no wpr-sticky-section-no\" data-id=\"a5a2efc\" data-element_type=\"section\" data-e-type=\"section\" data-settings=\"{&quot;_ha_eqh_enable&quot;:false}\">\n\t\t\t\t\t\t<div class=\"elementor-container elementor-column-gap-default\">\n\t\t\t\t\t<div class=\"elementor-column elementor-col-50 elementor-top-column elementor-element elementor-element-f2ce8c6\" data-id=\"f2ce8c6\" data-element_type=\"column\" data-e-type=\"column\" data-settings=\"{&quot;animation&quot;:&quot;none&quot;}\">\n\t\t\t<div class=\"elementor-widget-wrap elementor-element-populated\">\n\t\t\t\t\t\t<div class=\"elementor-element elementor-element-62997c4 elementor-widget elementor-widget-image\" data-id=\"62997c4\" data-element_type=\"widget\" data-e-type=\"widget\" data-widget_type=\"image.default\">\n\t\t\t\t<div class=\"elementor-widget-container\">\n\t\t\t\t\t\t\t\t\t\t\t\t\t\t\t<img fetchpriority=\"high\" decoding=\"async\" width=\"640\" height=\"423\" src=\"https:\/\/yemaksantebeaute.com\/wp-content\/uploads\/2025\/02\/byfgx8mq.png\" class=\"attachment-large size-large wp-image-4343\" alt=\"\" srcset=\"https:\/\/yemaksantebeaute.com\/wp-content\/uploads\/2025\/02\/byfgx8mq.png 981w, https:\/\/yemaksantebeaute.com\/wp-content\/uploads\/2025\/02\/byfgx8mq-300x198.png 300w, https:\/\/yemaksantebeaute.com\/wp-content\/uploads\/2025\/02\/byfgx8mq-768x507.png 768w, https:\/\/yemaksantebeaute.com\/wp-content\/uploads\/2025\/02\/byfgx8mq-18x12.png 18w, https:\/\/yemaksantebeaute.com\/wp-content\/uploads\/2025\/02\/byfgx8mq-600x396.png 600w\" sizes=\"(max-width: 640px) 100vw, 640px\" \/>\t\t\t\t\t\t\t\t\t\t\t\t\t\t\t<\/div>\n\t\t\t\t<\/div>\n\t\t\t\t\t<\/div>\n\t\t<\/div>\n\t\t\t\t<div class=\"elementor-column elementor-col-50 elementor-top-column elementor-element elementor-element-0ac36ad\" data-id=\"0ac36ad\" data-element_type=\"column\" data-e-type=\"column\" data-settings=\"{&quot;animation&quot;:&quot;none&quot;}\">\n\t\t\t<div class=\"elementor-widget-wrap elementor-element-populated\">\n\t\t\t\t\t\t<div class=\"elementor-element elementor-element-beadf31 elementor-widget elementor-widget-text-editor\" data-id=\"beadf31\" data-element_type=\"widget\" data-e-type=\"widget\" data-widget_type=\"text-editor.default\">\n\t\t\t\t<div class=\"elementor-widget-container\">\n\t\t\t\t\t\t\t\t\t<p>Les <b>l\u00e8vres<\/b> peuvent \u00eatre rajeunies ( \u00e9limination des rides sur le contour) embellies, hydrat\u00e9es, repulp\u00e9es ( remodelage du contour et correction de l\u2019arc de cupidon) \u00e0 travers plusieurs types de soins tel que l\u2019injection d\u2019acide botulique, l\u2019injection d\u2019acide hyaluronique.<br \/>A consultation that will allow an analysis of the face is necessary before this treatment in order to obtain at the end, a natural, refined effect. Your lips will be beautifully defined, plump and soft.<\/p>\t\t\t\t\t\t\t\t<\/div>\n\t\t\t\t<\/div>\n\t\t\t\t<div class=\"elementor-element elementor-element-3d4fa1b elementor-widget elementor-widget-image\" data-id=\"3d4fa1b\" data-element_type=\"widget\" data-e-type=\"widget\" data-settings=\"{&quot;_animation&quot;:&quot;none&quot;,&quot;_animation_delay&quot;:100}\" data-widget_type=\"image.default\">\n\t\t\t\t<div class=\"elementor-widget-container\">\n\t\t\t\t\t\t\t\t\t\t\t\t<figure class=\"wp-caption\">\n\t\t\t\t\t\t\t\t\t\t<img decoding=\"async\" width=\"300\" height=\"300\" src=\"https:\/\/yemaksantebeaute.com\/wp-content\/uploads\/2025\/02\/WhatsApp-Image-2025-02-20-at-11.38.35-1-300x300.jpeg\" class=\"attachment-medium size-medium wp-image-4601\" alt=\"\" srcset=\"https:\/\/yemaksantebeaute.com\/wp-content\/uploads\/2025\/02\/WhatsApp-Image-2025-02-20-at-11.38.35-1-300x300.jpeg 300w, https:\/\/yemaksantebeaute.com\/wp-content\/uploads\/2025\/02\/WhatsApp-Image-2025-02-20-at-11.38.35-1-1024x1024.jpeg 1024w, https:\/\/yemaksantebeaute.com\/wp-content\/uploads\/2025\/02\/WhatsApp-Image-2025-02-20-at-11.38.35-1-150x150.jpeg 150w, https:\/\/yemaksantebeaute.com\/wp-content\/uploads\/2025\/02\/WhatsApp-Image-2025-02-20-at-11.38.35-1-768x768.jpeg 768w, https:\/\/yemaksantebeaute.com\/wp-content\/uploads\/2025\/02\/WhatsApp-Image-2025-02-20-at-11.38.35-1-12x12.jpeg 12w, https:\/\/yemaksantebeaute.com\/wp-content\/uploads\/2025\/02\/WhatsApp-Image-2025-02-20-at-11.38.35-1-600x600.jpeg 600w, https:\/\/yemaksantebeaute.com\/wp-content\/uploads\/2025\/02\/WhatsApp-Image-2025-02-20-at-11.38.35-1-100x100.jpeg 100w, https:\/\/yemaksantebeaute.com\/wp-content\/uploads\/2025\/02\/WhatsApp-Image-2025-02-20-at-11.38.35-1.jpeg 1080w\" sizes=\"(max-width: 300px) 100vw, 300px\" \/>\t\t\t\t\t\t\t\t\t\t\t<figcaption class=\"widget-image-caption wp-caption-text\">APPAREIL ESTHETIQUE  SPLENDID BODY RF<\/figcaption>\n\t\t\t\t\t\t\t\t\t\t<\/figure>\n\t\t\t\t\t\t\t\t\t<\/div>\n\t\t\t\t<\/div>\n\t\t\t\t\t<\/div>\n\t\t<\/div>\n\t\t\t\t\t<\/div>\n\t\t<\/section>\n\t\t\t\t<section class=\"elementor-section elementor-top-section elementor-element elementor-element-f7d98be elementor-section-boxed elementor-section-height-default elementor-section-height-default wpr-particle-no wpr-jarallax-no wpr-parallax-no wpr-sticky-section-no\" data-id=\"f7d98be\" data-element_type=\"section\" data-e-type=\"section\" data-settings=\"{&quot;_ha_eqh_enable&quot;:false}\">\n\t\t\t\t\t\t<div class=\"elementor-container elementor-column-gap-default\">\n\t\t\t\t\t<div class=\"elementor-column elementor-col-33 elementor-top-column elementor-element elementor-element-b36297b\" data-id=\"b36297b\" data-element_type=\"column\" data-e-type=\"column\">\n\t\t\t<div class=\"elementor-widget-wrap elementor-element-populated\">\n\t\t\t\t\t\t<div class=\"elementor-element elementor-element-4f77c81 elementor-view-default elementor-widget elementor-widget-icon\" data-id=\"4f77c81\" data-element_type=\"widget\" data-e-type=\"widget\" data-widget_type=\"icon.default\">\n\t\t\t\t<div class=\"elementor-widget-container\">\n\t\t\t\t\t\t\t<div class=\"elementor-icon-wrapper\">\n\t\t\t<a class=\"elementor-icon\" href=\"https:\/\/www.facebook.com\/yemaksantebeaute\/\">\n\t\t\t<svg aria-hidden=\"true\" class=\"e-font-icon-svg e-fab-facebook\" viewbox=\"0 0 512 512\" xmlns=\"http:\/\/www.w3.org\/2000\/svg\"><path d=\"M504 256C504 119 393 8 256 8S8 119 8 256c0 123.78 90.69 226.38 209.25 245V327.69h-63V256h63v-54.64c0-62.15 37-96.48 93.67-96.48 27.14 0 55.52 4.84 55.52 4.84v61h-31.28c-30.8 0-40.41 19.12-40.41 38.73V256h68.78l-11 71.69h-57.78V501C413.31 482.38 504 379.78 504 256z\"><\/path><\/svg>\t\t\t<\/a>\n\t\t<\/div>\n\t\t\t\t\t\t<\/div>\n\t\t\t\t<\/div>\n\t\t\t\t\t<\/div>\n\t\t<\/div>\n\t\t\t\t<div class=\"elementor-column elementor-col-33 elementor-top-column elementor-element elementor-element-b9680a8\" data-id=\"b9680a8\" data-element_type=\"column\" data-e-type=\"column\">\n\t\t\t<div class=\"elementor-widget-wrap elementor-element-populated\">\n\t\t\t\t\t\t<div class=\"elementor-element elementor-element-9c48cad elementor-view-default elementor-widget elementor-widget-icon\" data-id=\"9c48cad\" data-element_type=\"widget\" data-e-type=\"widget\" data-widget_type=\"icon.default\">\n\t\t\t\t<div class=\"elementor-widget-container\">\n\t\t\t\t\t\t\t<div class=\"elementor-icon-wrapper\">\n\t\t\t<div class=\"elementor-icon\">\n\t\t\t<i aria-hidden=\"true\" class=\"icon icon-linkedin\"><\/i>\t\t\t<\/div>\n\t\t<\/div>\n\t\t\t\t\t\t<\/div>\n\t\t\t\t<\/div>\n\t\t\t\t\t<\/div>\n\t\t<\/div>\n\t\t\t\t<div class=\"elementor-column elementor-col-33 elementor-top-column elementor-element elementor-element-f26769a\" data-id=\"f26769a\" data-element_type=\"column\" data-e-type=\"column\">\n\t\t\t<div class=\"elementor-widget-wrap elementor-element-populated\">\n\t\t\t\t\t\t<div class=\"elementor-element elementor-element-e5c7a51 elementor-view-default elementor-widget elementor-widget-icon\" data-id=\"e5c7a51\" data-element_type=\"widget\" data-e-type=\"widget\" data-widget_type=\"icon.default\">\n\t\t\t\t<div class=\"elementor-widget-container\">\n\t\t\t\t\t\t\t<div class=\"elementor-icon-wrapper\">\n\t\t\t<a class=\"elementor-icon\" href=\"https:\/\/www.instagram.com\/yemaksantebeaute\/\">\n\t\t\t<i aria-hidden=\"true\" class=\"icon icon-instagram-1\"><\/i>\t\t\t<\/a>\n\t\t<\/div>\n\t\t\t\t\t\t<\/div>\n\t\t\t\t<\/div>\n\t\t\t\t\t<\/div>\n\t\t<\/div>\n\t\t\t\t\t<\/div>\n\t\t<\/section>\n\t\t\t\t<\/div>","protected":false},"excerpt":{"rendered":"<p>L\u00e8vres. Les l\u00e8vres peuvent \u00eatre rajeunies ( \u00e9limination des rides sur le contour) embellies, hydrat\u00e9es, repulp\u00e9es ( remodelage du contour et correction de l\u2019arc de cupidon) \u00e0 travers plusieurs types de soins tel que l\u2019injection d\u2019acide botulique, l\u2019injection d\u2019acide hyaluronique.Une consultation qui permettra une analyse du visage est n\u00e9cessaire avant ce soin en vue d\u2019obtenir \u00e0 la fin , un effet naturel,raffin\u00e9es.Vos l\u00e8vres seront joliment dessin\u00e9es, pulpeuses et douces. APPAREIL ESTHETIQUE SPLENDID BODY RF<\/p>","protected":false},"author":2,"featured_media":0,"parent":0,"menu_order":0,"comment_status":"closed","ping_status":"closed","template":"","meta":{"_eb_attr":"","inline_featured_image":false,"_monsterinsights_skip_tracking":false,"_monsterinsights_sitenote_active":false,"_monsterinsights_sitenote_note":"","_monsterinsights_sitenote_category":0,"footnotes":""},"class_list":["post-2564","page","type-page","status-publish","hentry"],"yoast_head":"<!-- This site is optimized with the Yoast SEO plugin v26.9 - https:\/\/yoast.com\/product\/yoast-seo-wordpress\/ -->\n<title>L\u00e8vres - Yemak Sant\u00e9 Beaut\u00e9<\/title>\n<meta name=\"description\" content=\"Soin des l\u00e8vres yemak sant\u00e9 beaut\u00e9\" \/>\n<meta name=\"robots\" content=\"index, follow, max-snippet:-1, max-image-preview:large, max-video-preview:-1\" \/>\n<link rel=\"canonical\" href=\"https:\/\/yemaksantebeaute.com\/en\/levres\/\" \/>\n<meta property=\"og:locale\" content=\"en_US\" \/>\n<meta property=\"og:type\" content=\"article\" \/>\n<meta property=\"og:title\" content=\"L\u00e8vres - Yemak Sant\u00e9 Beaut\u00e9\" \/>\n<meta property=\"og:description\" content=\"Soin des l\u00e8vres yemak sant\u00e9 beaut\u00e9\" \/>\n<meta property=\"og:url\" content=\"https:\/\/yemaksantebeaute.com\/en\/levres\/\" \/>\n<meta property=\"og:site_name\" content=\"Yemak Sant\u00e9 Beaut\u00e9\" \/>\n<meta property=\"article:modified_time\" content=\"2025-06-15T23:04:20+00:00\" \/>\n<meta property=\"og:image\" content=\"https:\/\/yemaksantebeaute.com\/wp-content\/uploads\/2025\/02\/byfgx8mq.png\" \/>\n<meta name=\"twitter:card\" content=\"summary_large_image\" \/>\n<script type=\"application\/ld+json\" class=\"yoast-schema-graph\">{\"@context\":\"https:\/\/schema.org\",\"@graph\":[{\"@type\":\"WebPage\",\"@id\":\"https:\/\/yemaksantebeaute.com\/levres\/\",\"url\":\"https:\/\/yemaksantebeaute.com\/levres\/\",\"name\":\"L\u00e8vres - Yemak Sant\u00e9 Beaut\u00e9\",\"isPartOf\":{\"@id\":\"https:\/\/yemaksantebeaute.com\/#website\"},\"primaryImageOfPage\":{\"@id\":\"https:\/\/yemaksantebeaute.com\/levres\/#primaryimage\"},\"image\":{\"@id\":\"https:\/\/yemaksantebeaute.com\/levres\/#primaryimage\"},\"thumbnailUrl\":\"https:\/\/yemaksantebeaute.com\/wp-content\/uploads\/2025\/02\/byfgx8mq.png\",\"datePublished\":\"2023-11-07T21:57:33+00:00\",\"dateModified\":\"2025-06-15T23:04:20+00:00\",\"description\":\"Soin des l\u00e8vres yemak sant\u00e9 beaut\u00e9\",\"breadcrumb\":{\"@id\":\"https:\/\/yemaksantebeaute.com\/levres\/#breadcrumb\"},\"inLanguage\":\"en-US\",\"potentialAction\":[{\"@type\":\"ReadAction\",\"target\":[\"https:\/\/yemaksantebeaute.com\/levres\/\"]}]},{\"@type\":\"ImageObject\",\"inLanguage\":\"en-US\",\"@id\":\"https:\/\/yemaksantebeaute.com\/levres\/#primaryimage\",\"url\":\"https:\/\/yemaksantebeaute.com\/wp-content\/uploads\/2025\/02\/byfgx8mq.png\",\"contentUrl\":\"https:\/\/yemaksantebeaute.com\/wp-content\/uploads\/2025\/02\/byfgx8mq.png\"},{\"@type\":\"BreadcrumbList\",\"@id\":\"https:\/\/yemaksantebeaute.com\/levres\/#breadcrumb\",\"itemListElement\":[{\"@type\":\"ListItem\",\"position\":1,\"name\":\"Accueil\",\"item\":\"https:\/\/yemaksantebeaute.com\/\"},{\"@type\":\"ListItem\",\"position\":2,\"name\":\"L\u00e8vres\"}]},{\"@type\":\"WebSite\",\"@id\":\"https:\/\/yemaksantebeaute.com\/#website\",\"url\":\"https:\/\/yemaksantebeaute.com\/\",\"name\":\"Yemak Sant\u00e9 Beaut\u00e9\",\"description\":\"R\u00e9v\u00e9lez votre beaut\u00e9, sublimer votre bien-\u00eatre\",\"publisher\":{\"@id\":\"https:\/\/yemaksantebeaute.com\/#organization\"},\"potentialAction\":[{\"@type\":\"SearchAction\",\"target\":{\"@type\":\"EntryPoint\",\"urlTemplate\":\"https:\/\/yemaksantebeaute.com\/?s={search_term_string}\"},\"query-input\":{\"@type\":\"PropertyValueSpecification\",\"valueRequired\":true,\"valueName\":\"search_term_string\"}}],\"inLanguage\":\"en-US\"},{\"@type\":\"Organization\",\"@id\":\"https:\/\/yemaksantebeaute.com\/#organization\",\"name\":\"Yemak Sant\u00e9 Beaut\u00e9\",\"url\":\"https:\/\/yemaksantebeaute.com\/\",\"logo\":{\"@type\":\"ImageObject\",\"inLanguage\":\"en-US\",\"@id\":\"https:\/\/yemaksantebeaute.com\/#\/schema\/logo\/image\/\",\"url\":\"https:\/\/yemaksantebeaute.com\/wp-content\/uploads\/2023\/05\/yemak_logo_site_web-1.png\",\"contentUrl\":\"https:\/\/yemaksantebeaute.com\/wp-content\/uploads\/2023\/05\/yemak_logo_site_web-1.png\",\"width\":250,\"height\":250,\"caption\":\"Yemak Sant\u00e9 Beaut\u00e9\"},\"image\":{\"@id\":\"https:\/\/yemaksantebeaute.com\/#\/schema\/logo\/image\/\"}}]}<\/script>\n<!-- \/ Yoast SEO plugin. -->","yoast_head_json":{"title":"L\u00e8vres - Yemak Sant\u00e9 Beaut\u00e9","description":"Soin des l\u00e8vres yemak sant\u00e9 beaut\u00e9","robots":{"index":"index","follow":"follow","max-snippet":"max-snippet:-1","max-image-preview":"max-image-preview:large","max-video-preview":"max-video-preview:-1"},"canonical":"https:\/\/yemaksantebeaute.com\/en\/levres\/","og_locale":"en_US","og_type":"article","og_title":"L\u00e8vres - Yemak Sant\u00e9 Beaut\u00e9","og_description":"Soin des l\u00e8vres yemak sant\u00e9 beaut\u00e9","og_url":"https:\/\/yemaksantebeaute.com\/en\/levres\/","og_site_name":"Yemak Sant\u00e9 Beaut\u00e9","article_modified_time":"2025-06-15T23:04:20+00:00","og_image":[{"url":"https:\/\/yemaksantebeaute.com\/wp-content\/uploads\/2025\/02\/byfgx8mq.png","type":"","width":"","height":""}],"twitter_card":"summary_large_image","schema":{"@context":"https:\/\/schema.org","@graph":[{"@type":"WebPage","@id":"https:\/\/yemaksantebeaute.com\/levres\/","url":"https:\/\/yemaksantebeaute.com\/levres\/","name":"L\u00e8vres - Yemak Sant\u00e9 Beaut\u00e9","isPartOf":{"@id":"https:\/\/yemaksantebeaute.com\/#website"},"primaryImageOfPage":{"@id":"https:\/\/yemaksantebeaute.com\/levres\/#primaryimage"},"image":{"@id":"https:\/\/yemaksantebeaute.com\/levres\/#primaryimage"},"thumbnailUrl":"https:\/\/yemaksantebeaute.com\/wp-content\/uploads\/2025\/02\/byfgx8mq.png","datePublished":"2023-11-07T21:57:33+00:00","dateModified":"2025-06-15T23:04:20+00:00","description":"Soin des l\u00e8vres yemak sant\u00e9 beaut\u00e9","breadcrumb":{"@id":"https:\/\/yemaksantebeaute.com\/levres\/#breadcrumb"},"inLanguage":"en-US","potentialAction":[{"@type":"ReadAction","target":["https:\/\/yemaksantebeaute.com\/levres\/"]}]},{"@type":"ImageObject","inLanguage":"en-US","@id":"https:\/\/yemaksantebeaute.com\/levres\/#primaryimage","url":"https:\/\/yemaksantebeaute.com\/wp-content\/uploads\/2025\/02\/byfgx8mq.png","contentUrl":"https:\/\/yemaksantebeaute.com\/wp-content\/uploads\/2025\/02\/byfgx8mq.png"},{"@type":"BreadcrumbList","@id":"https:\/\/yemaksantebeaute.com\/levres\/#breadcrumb","itemListElement":[{"@type":"ListItem","position":1,"name":"Accueil","item":"https:\/\/yemaksantebeaute.com\/"},{"@type":"ListItem","position":2,"name":"L\u00e8vres"}]},{"@type":"WebSite","@id":"https:\/\/yemaksantebeaute.com\/#website","url":"https:\/\/yemaksantebeaute.com\/","name":"Yemak Sant\u00e9 Beaut\u00e9","description":"R\u00e9v\u00e9lez votre beaut\u00e9, sublimer votre bien-\u00eatre","publisher":{"@id":"https:\/\/yemaksantebeaute.com\/#organization"},"potentialAction":[{"@type":"SearchAction","target":{"@type":"EntryPoint","urlTemplate":"https:\/\/yemaksantebeaute.com\/?s={search_term_string}"},"query-input":{"@type":"PropertyValueSpecification","valueRequired":true,"valueName":"search_term_string"}}],"inLanguage":"en-US"},{"@type":"Organization","@id":"https:\/\/yemaksantebeaute.com\/#organization","name":"Yemak Sant\u00e9 Beaut\u00e9","url":"https:\/\/yemaksantebeaute.com\/","logo":{"@type":"ImageObject","inLanguage":"en-US","@id":"https:\/\/yemaksantebeaute.com\/#\/schema\/logo\/image\/","url":"https:\/\/yemaksantebeaute.com\/wp-content\/uploads\/2023\/05\/yemak_logo_site_web-1.png","contentUrl":"https:\/\/yemaksantebeaute.com\/wp-content\/uploads\/2023\/05\/yemak_logo_site_web-1.png","width":250,"height":250,"caption":"Yemak Sant\u00e9 Beaut\u00e9"},"image":{"@id":"https:\/\/yemaksantebeaute.com\/#\/schema\/logo\/image\/"}}]}},"_links":{"self":[{"href":"https:\/\/yemaksantebeaute.com\/en\/wp-json\/wp\/v2\/pages\/2564","targetHints":{"allow":["GET"]}}],"collection":[{"href":"https:\/\/yemaksantebeaute.com\/en\/wp-json\/wp\/v2\/pages"}],"about":[{"href":"https:\/\/yemaksantebeaute.com\/en\/wp-json\/wp\/v2\/types\/page"}],"author":[{"embeddable":true,"href":"https:\/\/yemaksantebeaute.com\/en\/wp-json\/wp\/v2\/users\/2"}],"replies":[{"embeddable":true,"href":"https:\/\/yemaksantebeaute.com\/en\/wp-json\/wp\/v2\/comments?post=2564"}],"version-history":[{"count":43,"href":"https:\/\/yemaksantebeaute.com\/en\/wp-json\/wp\/v2\/pages\/2564\/revisions"}],"predecessor-version":[{"id":5716,"href":"https:\/\/yemaksantebeaute.com\/en\/wp-json\/wp\/v2\/pages\/2564\/revisions\/5716"}],"wp:attachment":[{"href":"https:\/\/yemaksantebeaute.com\/en\/wp-json\/wp\/v2\/media?parent=2564"}],"curies":[{"name":"wp","href":"https:\/\/api.w.org\/{rel}","templated":true}]}}