{"id":2574,"date":"2023-11-07T22:22:12","date_gmt":"2023-11-07T22:22:12","guid":{"rendered":"https:\/\/yemaksantebeaute.com\/?page_id=2574"},"modified":"2025-06-15T22:43:18","modified_gmt":"2025-06-15T22:43:18","slug":"lovale-du-visage","status":"publish","type":"page","link":"https:\/\/yemaksantebeaute.com\/en\/lovale-du-visage\/","title":{"rendered":"The oval of the face"},"content":{"rendered":"<div data-elementor-type=\"wp-page\" data-elementor-id=\"2574\" class=\"elementor elementor-2574\" data-elementor-settings=\"{&quot;ha_cmc_init_switcher&quot;:&quot;no&quot;}\">\n\t\t\t\t\t\t<section class=\"elementor-section elementor-top-section elementor-element elementor-element-5b98204 elementor-section-boxed elementor-section-height-default elementor-section-height-default wpr-particle-no wpr-jarallax-no wpr-parallax-no wpr-sticky-section-no\" data-id=\"5b98204\" data-element_type=\"section\" data-e-type=\"section\" data-settings=\"{&quot;_ha_eqh_enable&quot;:false}\">\n\t\t\t\t\t\t<div class=\"elementor-container elementor-column-gap-default\">\n\t\t\t\t\t<div class=\"elementor-column elementor-col-100 elementor-top-column elementor-element elementor-element-ec88f8e\" data-id=\"ec88f8e\" data-element_type=\"column\" data-e-type=\"column\">\n\t\t\t<div class=\"elementor-widget-wrap elementor-element-populated\">\n\t\t\t\t\t\t<div class=\"elementor-element elementor-element-d501e95 elementor-widget elementor-widget-heading\" data-id=\"d501e95\" data-element_type=\"widget\" data-e-type=\"widget\" data-widget_type=\"heading.default\">\n\t\t\t\t<div class=\"elementor-widget-container\">\n\t\t\t\t\t<h2 class=\"elementor-heading-title elementor-size-default\">The oval of the face<\/h2>\t\t\t\t<\/div>\n\t\t\t\t<\/div>\n\t\t\t\t\t<\/div>\n\t\t<\/div>\n\t\t\t\t\t<\/div>\n\t\t<\/section>\n\t\t\t\t<section class=\"elementor-section elementor-top-section elementor-element elementor-element-38dfc62 elementor-section-boxed elementor-section-height-default elementor-section-height-default wpr-particle-no wpr-jarallax-no wpr-parallax-no\" data-id=\"38dfc62\" data-element_type=\"section\" data-e-type=\"section\" data-settings=\"{&quot;_ha_eqh_enable&quot;:false}\">\n\t\t\t\t\t\t<div class=\"elementor-container elementor-column-gap-default\">\n\t\t\t\t\t<div class=\"elementor-column elementor-col-50 elementor-top-column elementor-element elementor-element-7495b8b\" data-id=\"7495b8b\" data-element_type=\"column\" data-e-type=\"column\" data-settings=\"{&quot;animation&quot;:&quot;none&quot;}\">\n\t\t\t<div class=\"elementor-widget-wrap elementor-element-populated\">\n\t\t\t\t\t\t<div class=\"elementor-element elementor-element-77105f7 elementor-widget elementor-widget-image\" data-id=\"77105f7\" data-element_type=\"widget\" data-e-type=\"widget\" data-widget_type=\"image.default\">\n\t\t\t\t<div class=\"elementor-widget-container\">\n\t\t\t\t\t\t\t\t\t\t\t\t\t\t\t<img fetchpriority=\"high\" decoding=\"async\" width=\"640\" height=\"640\" src=\"https:\/\/yemaksantebeaute.com\/wp-content\/uploads\/2022\/04\/traitement-ovale-du-visage-yemak-sante-beaute-1024x1024.png\" class=\"attachment-large size-large wp-image-1935\" alt=\"traitement ovale du visage-yemak sant\u00e9 beaut\u00e9\" srcset=\"https:\/\/yemaksantebeaute.com\/wp-content\/uploads\/2022\/04\/traitement-ovale-du-visage-yemak-sante-beaute.png 1024w, https:\/\/yemaksantebeaute.com\/wp-content\/uploads\/2022\/04\/traitement-ovale-du-visage-yemak-sante-beaute-300x300.png 300w, https:\/\/yemaksantebeaute.com\/wp-content\/uploads\/2022\/04\/traitement-ovale-du-visage-yemak-sante-beaute-100x100.png 100w, https:\/\/yemaksantebeaute.com\/wp-content\/uploads\/2022\/04\/traitement-ovale-du-visage-yemak-sante-beaute-600x600.png 600w, https:\/\/yemaksantebeaute.com\/wp-content\/uploads\/2022\/04\/traitement-ovale-du-visage-yemak-sante-beaute-150x150.png 150w, https:\/\/yemaksantebeaute.com\/wp-content\/uploads\/2022\/04\/traitement-ovale-du-visage-yemak-sante-beaute-768x768.png 768w\" sizes=\"(max-width: 640px) 100vw, 640px\" \/>\t\t\t\t\t\t\t\t\t\t\t\t\t\t\t<\/div>\n\t\t\t\t<\/div>\n\t\t\t\t\t<\/div>\n\t\t<\/div>\n\t\t\t\t<div class=\"elementor-column elementor-col-50 elementor-top-column elementor-element elementor-element-b7304d6\" data-id=\"b7304d6\" data-element_type=\"column\" data-e-type=\"column\" data-settings=\"{&quot;animation&quot;:&quot;none&quot;}\">\n\t\t\t<div class=\"elementor-widget-wrap elementor-element-populated\">\n\t\t\t\t\t\t<div class=\"elementor-element elementor-element-7358af5 elementor-widget elementor-widget-text-editor\" data-id=\"7358af5\" data-element_type=\"widget\" data-e-type=\"widget\" data-widget_type=\"text-editor.default\">\n\t\t\t\t<div class=\"elementor-widget-container\">\n\t\t\t\t\t\t\t\t\t<p>Avec le temps, la graisse a tendance \u00e0 dispara\u00eetre et les volumes osseux \u00e0 diminuer ; ce qui laisse place \u00e0 un contour du <strong>visage moins net, rel\u00e2ch\u00e9 avec des bajoues<\/strong>.<br \/>Pour redessiner et raffermir l\u2019ovale du visage, il est conseill\u00e9 de b\u00e9n\u00e9ficier des <strong>soins de radiofr\u00e9quence<\/strong>, <strong>d\u2019injection d\u2019acide hyaluronique, de pose de fils de tenseurs<\/strong>.<\/p>\t\t\t\t\t\t\t\t<\/div>\n\t\t\t\t<\/div>\n\t\t\t\t<div class=\"elementor-element elementor-element-ac3a649 elementor-widget elementor-widget-image\" data-id=\"ac3a649\" data-element_type=\"widget\" data-e-type=\"widget\" data-settings=\"{&quot;ha_floating_fx&quot;:&quot;yes&quot;,&quot;_animation&quot;:&quot;none&quot;,&quot;_animation_delay&quot;:100}\" data-widget_type=\"image.default\">\n\t\t\t\t<div class=\"elementor-widget-container\">\n\t\t\t\t\t\t\t\t\t\t\t\t<figure class=\"wp-caption\">\n\t\t\t\t\t\t\t\t\t\t<img decoding=\"async\" width=\"300\" height=\"300\" src=\"https:\/\/yemaksantebeaute.com\/wp-content\/uploads\/2025\/02\/WhatsApp-Image-2025-02-20-at-11.38.35-1-300x300.jpeg\" class=\"attachment-medium size-medium wp-image-4601\" alt=\"\" srcset=\"https:\/\/yemaksantebeaute.com\/wp-content\/uploads\/2025\/02\/WhatsApp-Image-2025-02-20-at-11.38.35-1-300x300.jpeg 300w, https:\/\/yemaksantebeaute.com\/wp-content\/uploads\/2025\/02\/WhatsApp-Image-2025-02-20-at-11.38.35-1-1024x1024.jpeg 1024w, https:\/\/yemaksantebeaute.com\/wp-content\/uploads\/2025\/02\/WhatsApp-Image-2025-02-20-at-11.38.35-1-150x150.jpeg 150w, https:\/\/yemaksantebeaute.com\/wp-content\/uploads\/2025\/02\/WhatsApp-Image-2025-02-20-at-11.38.35-1-768x768.jpeg 768w, https:\/\/yemaksantebeaute.com\/wp-content\/uploads\/2025\/02\/WhatsApp-Image-2025-02-20-at-11.38.35-1-12x12.jpeg 12w, https:\/\/yemaksantebeaute.com\/wp-content\/uploads\/2025\/02\/WhatsApp-Image-2025-02-20-at-11.38.35-1-600x600.jpeg 600w, https:\/\/yemaksantebeaute.com\/wp-content\/uploads\/2025\/02\/WhatsApp-Image-2025-02-20-at-11.38.35-1-100x100.jpeg 100w, https:\/\/yemaksantebeaute.com\/wp-content\/uploads\/2025\/02\/WhatsApp-Image-2025-02-20-at-11.38.35-1.jpeg 1080w\" sizes=\"(max-width: 300px) 100vw, 300px\" \/>\t\t\t\t\t\t\t\t\t\t\t<figcaption class=\"widget-image-caption wp-caption-text\">APPAREIL ESTHETIQUE  SPLENDID BODY RF<\/figcaption>\n\t\t\t\t\t\t\t\t\t\t<\/figure>\n\t\t\t\t\t\t\t\t\t<\/div>\n\t\t\t\t<\/div>\n\t\t\t\t\t<\/div>\n\t\t<\/div>\n\t\t\t\t\t<\/div>\n\t\t<\/section>\n\t\t\t\t<section class=\"elementor-section elementor-top-section elementor-element elementor-element-f8ecc6a elementor-section-boxed elementor-section-height-default elementor-section-height-default wpr-particle-no wpr-jarallax-no wpr-parallax-no wpr-sticky-section-no\" data-id=\"f8ecc6a\" data-element_type=\"section\" data-e-type=\"section\" data-settings=\"{&quot;_ha_eqh_enable&quot;:false}\">\n\t\t\t\t\t\t<div class=\"elementor-container elementor-column-gap-default\">\n\t\t\t\t\t<div class=\"elementor-column elementor-col-33 elementor-top-column elementor-element elementor-element-c314484\" data-id=\"c314484\" data-element_type=\"column\" data-e-type=\"column\">\n\t\t\t<div class=\"elementor-widget-wrap elementor-element-populated\">\n\t\t\t\t\t\t<div class=\"elementor-element elementor-element-2261123 elementor-view-default elementor-widget elementor-widget-icon\" data-id=\"2261123\" data-element_type=\"widget\" data-e-type=\"widget\" data-widget_type=\"icon.default\">\n\t\t\t\t<div class=\"elementor-widget-container\">\n\t\t\t\t\t\t\t<div class=\"elementor-icon-wrapper\">\n\t\t\t<a class=\"elementor-icon\" href=\"https:\/\/www.facebook.com\/yemaksantebeaute\/\">\n\t\t\t<svg aria-hidden=\"true\" class=\"e-font-icon-svg e-fab-facebook\" viewbox=\"0 0 512 512\" xmlns=\"http:\/\/www.w3.org\/2000\/svg\"><path d=\"M504 256C504 119 393 8 256 8S8 119 8 256c0 123.78 90.69 226.38 209.25 245V327.69h-63V256h63v-54.64c0-62.15 37-96.48 93.67-96.48 27.14 0 55.52 4.84 55.52 4.84v61h-31.28c-30.8 0-40.41 19.12-40.41 38.73V256h68.78l-11 71.69h-57.78V501C413.31 482.38 504 379.78 504 256z\"><\/path><\/svg>\t\t\t<\/a>\n\t\t<\/div>\n\t\t\t\t\t\t<\/div>\n\t\t\t\t<\/div>\n\t\t\t\t\t<\/div>\n\t\t<\/div>\n\t\t\t\t<div class=\"elementor-column elementor-col-33 elementor-top-column elementor-element elementor-element-04bc0bc\" data-id=\"04bc0bc\" data-element_type=\"column\" data-e-type=\"column\">\n\t\t\t<div class=\"elementor-widget-wrap elementor-element-populated\">\n\t\t\t\t\t\t<div class=\"elementor-element elementor-element-3c780e3 elementor-view-default elementor-widget elementor-widget-icon\" data-id=\"3c780e3\" data-element_type=\"widget\" data-e-type=\"widget\" data-widget_type=\"icon.default\">\n\t\t\t\t<div class=\"elementor-widget-container\">\n\t\t\t\t\t\t\t<div class=\"elementor-icon-wrapper\">\n\t\t\t<div class=\"elementor-icon\">\n\t\t\t<i aria-hidden=\"true\" class=\"icon icon-linkedin\"><\/i>\t\t\t<\/div>\n\t\t<\/div>\n\t\t\t\t\t\t<\/div>\n\t\t\t\t<\/div>\n\t\t\t\t\t<\/div>\n\t\t<\/div>\n\t\t\t\t<div class=\"elementor-column elementor-col-33 elementor-top-column elementor-element elementor-element-b8cfd90\" data-id=\"b8cfd90\" data-element_type=\"column\" data-e-type=\"column\">\n\t\t\t<div class=\"elementor-widget-wrap elementor-element-populated\">\n\t\t\t\t\t\t<div class=\"elementor-element elementor-element-b8b17a7 elementor-view-default elementor-widget elementor-widget-icon\" data-id=\"b8b17a7\" data-element_type=\"widget\" data-e-type=\"widget\" data-widget_type=\"icon.default\">\n\t\t\t\t<div class=\"elementor-widget-container\">\n\t\t\t\t\t\t\t<div class=\"elementor-icon-wrapper\">\n\t\t\t<a class=\"elementor-icon\" href=\"https:\/\/www.instagram.com\/yemaksantebeaute\/\">\n\t\t\t<i aria-hidden=\"true\" class=\"icon icon-instagram-1\"><\/i>\t\t\t<\/a>\n\t\t<\/div>\n\t\t\t\t\t\t<\/div>\n\t\t\t\t<\/div>\n\t\t\t\t\t<\/div>\n\t\t<\/div>\n\t\t\t\t\t<\/div>\n\t\t<\/section>\n\t\t\t\t<\/div>","protected":false},"excerpt":{"rendered":"<p>L\u2019 ovale du visage Avec le temps, la graisse a tendance \u00e0 dispara\u00eetre et les volumes osseux \u00e0 diminuer ; ce qui laisse place \u00e0 un contour du visage moins net, rel\u00e2ch\u00e9 avec des bajoues.Pour redessiner et raffermir l\u2019ovale du visage, il est conseill\u00e9 de b\u00e9n\u00e9ficier des soins de radiofr\u00e9quence, d\u2019injection d\u2019acide hyaluronique, de pose de fils de tenseurs. APPAREIL ESTHETIQUE SPLENDID BODY RF<\/p>","protected":false},"author":2,"featured_media":0,"parent":0,"menu_order":0,"comment_status":"closed","ping_status":"closed","template":"elementor_header_footer","meta":{"_eb_attr":"","inline_featured_image":false,"_monsterinsights_skip_tracking":false,"_monsterinsights_sitenote_active":false,"_monsterinsights_sitenote_note":"","_monsterinsights_sitenote_category":0,"footnotes":""},"class_list":["post-2574","page","type-page","status-publish","hentry"],"yoast_head":"<!-- This site is optimized with the Yoast SEO plugin v26.9 - https:\/\/yoast.com\/product\/yoast-seo-wordpress\/ -->\n<title>L\u2019ovale du visage - Yemak Sant\u00e9 Beaut\u00e9<\/title>\n<meta name=\"description\" content=\"L\u2019 ovale du visage\" \/>\n<meta name=\"robots\" content=\"index, follow, max-snippet:-1, max-image-preview:large, max-video-preview:-1\" \/>\n<link rel=\"canonical\" href=\"https:\/\/yemaksantebeaute.com\/en\/lovale-du-visage\/\" \/>\n<meta property=\"og:locale\" content=\"en_US\" \/>\n<meta property=\"og:type\" content=\"article\" \/>\n<meta property=\"og:title\" content=\"L\u2019ovale du visage - Yemak Sant\u00e9 Beaut\u00e9\" \/>\n<meta property=\"og:description\" content=\"L\u2019 ovale du visage\" \/>\n<meta property=\"og:url\" content=\"https:\/\/yemaksantebeaute.com\/en\/lovale-du-visage\/\" \/>\n<meta property=\"og:site_name\" content=\"Yemak Sant\u00e9 Beaut\u00e9\" \/>\n<meta property=\"article:modified_time\" content=\"2025-06-15T22:43:18+00:00\" \/>\n<meta property=\"og:image\" content=\"https:\/\/yemaksantebeaute.com\/wp-content\/uploads\/2022\/04\/traitement-ovale-du-visage-yemak-sante-beaute-1024x1024.png\" \/>\n<meta name=\"twitter:card\" content=\"summary_large_image\" \/>\n<script type=\"application\/ld+json\" class=\"yoast-schema-graph\">{\"@context\":\"https:\/\/schema.org\",\"@graph\":[{\"@type\":\"WebPage\",\"@id\":\"https:\/\/yemaksantebeaute.com\/lovale-du-visage\/\",\"url\":\"https:\/\/yemaksantebeaute.com\/lovale-du-visage\/\",\"name\":\"L\u2019ovale du visage - Yemak Sant\u00e9 Beaut\u00e9\",\"isPartOf\":{\"@id\":\"https:\/\/yemaksantebeaute.com\/#website\"},\"primaryImageOfPage\":{\"@id\":\"https:\/\/yemaksantebeaute.com\/lovale-du-visage\/#primaryimage\"},\"image\":{\"@id\":\"https:\/\/yemaksantebeaute.com\/lovale-du-visage\/#primaryimage\"},\"thumbnailUrl\":\"https:\/\/yemaksantebeaute.com\/wp-content\/uploads\/2022\/04\/traitement-ovale-du-visage-yemak-sante-beaute-1024x1024.png\",\"datePublished\":\"2023-11-07T22:22:12+00:00\",\"dateModified\":\"2025-06-15T22:43:18+00:00\",\"description\":\"L\u2019 ovale du visage\",\"breadcrumb\":{\"@id\":\"https:\/\/yemaksantebeaute.com\/lovale-du-visage\/#breadcrumb\"},\"inLanguage\":\"en-US\",\"potentialAction\":[{\"@type\":\"ReadAction\",\"target\":[\"https:\/\/yemaksantebeaute.com\/lovale-du-visage\/\"]}]},{\"@type\":\"ImageObject\",\"inLanguage\":\"en-US\",\"@id\":\"https:\/\/yemaksantebeaute.com\/lovale-du-visage\/#primaryimage\",\"url\":\"https:\/\/yemaksantebeaute.com\/wp-content\/uploads\/2022\/04\/traitement-ovale-du-visage-yemak-sante-beaute-1024x1024.png\",\"contentUrl\":\"https:\/\/yemaksantebeaute.com\/wp-content\/uploads\/2022\/04\/traitement-ovale-du-visage-yemak-sante-beaute-1024x1024.png\"},{\"@type\":\"BreadcrumbList\",\"@id\":\"https:\/\/yemaksantebeaute.com\/lovale-du-visage\/#breadcrumb\",\"itemListElement\":[{\"@type\":\"ListItem\",\"position\":1,\"name\":\"Accueil\",\"item\":\"https:\/\/yemaksantebeaute.com\/\"},{\"@type\":\"ListItem\",\"position\":2,\"name\":\"L\u2019ovale du visage\"}]},{\"@type\":\"WebSite\",\"@id\":\"https:\/\/yemaksantebeaute.com\/#website\",\"url\":\"https:\/\/yemaksantebeaute.com\/\",\"name\":\"Yemak Sant\u00e9 Beaut\u00e9\",\"description\":\"R\u00e9v\u00e9lez votre beaut\u00e9, sublimer votre bien-\u00eatre\",\"publisher\":{\"@id\":\"https:\/\/yemaksantebeaute.com\/#organization\"},\"potentialAction\":[{\"@type\":\"SearchAction\",\"target\":{\"@type\":\"EntryPoint\",\"urlTemplate\":\"https:\/\/yemaksantebeaute.com\/?s={search_term_string}\"},\"query-input\":{\"@type\":\"PropertyValueSpecification\",\"valueRequired\":true,\"valueName\":\"search_term_string\"}}],\"inLanguage\":\"en-US\"},{\"@type\":\"Organization\",\"@id\":\"https:\/\/yemaksantebeaute.com\/#organization\",\"name\":\"Yemak Sant\u00e9 Beaut\u00e9\",\"url\":\"https:\/\/yemaksantebeaute.com\/\",\"logo\":{\"@type\":\"ImageObject\",\"inLanguage\":\"en-US\",\"@id\":\"https:\/\/yemaksantebeaute.com\/#\/schema\/logo\/image\/\",\"url\":\"https:\/\/yemaksantebeaute.com\/wp-content\/uploads\/2023\/05\/yemak_logo_site_web-1.png\",\"contentUrl\":\"https:\/\/yemaksantebeaute.com\/wp-content\/uploads\/2023\/05\/yemak_logo_site_web-1.png\",\"width\":250,\"height\":250,\"caption\":\"Yemak Sant\u00e9 Beaut\u00e9\"},\"image\":{\"@id\":\"https:\/\/yemaksantebeaute.com\/#\/schema\/logo\/image\/\"}}]}<\/script>\n<!-- \/ Yoast SEO plugin. -->","yoast_head_json":{"title":"L\u2019ovale du visage - Yemak Sant\u00e9 Beaut\u00e9","description":"The oval of the face","robots":{"index":"index","follow":"follow","max-snippet":"max-snippet:-1","max-image-preview":"max-image-preview:large","max-video-preview":"max-video-preview:-1"},"canonical":"https:\/\/yemaksantebeaute.com\/en\/lovale-du-visage\/","og_locale":"en_US","og_type":"article","og_title":"L\u2019ovale du visage - Yemak Sant\u00e9 Beaut\u00e9","og_description":"L\u2019 ovale du visage","og_url":"https:\/\/yemaksantebeaute.com\/en\/lovale-du-visage\/","og_site_name":"Yemak Sant\u00e9 Beaut\u00e9","article_modified_time":"2025-06-15T22:43:18+00:00","og_image":[{"url":"https:\/\/yemaksantebeaute.com\/wp-content\/uploads\/2022\/04\/traitement-ovale-du-visage-yemak-sante-beaute-1024x1024.png","type":"","width":"","height":""}],"twitter_card":"summary_large_image","schema":{"@context":"https:\/\/schema.org","@graph":[{"@type":"WebPage","@id":"https:\/\/yemaksantebeaute.com\/lovale-du-visage\/","url":"https:\/\/yemaksantebeaute.com\/lovale-du-visage\/","name":"L\u2019ovale du visage - Yemak Sant\u00e9 Beaut\u00e9","isPartOf":{"@id":"https:\/\/yemaksantebeaute.com\/#website"},"primaryImageOfPage":{"@id":"https:\/\/yemaksantebeaute.com\/lovale-du-visage\/#primaryimage"},"image":{"@id":"https:\/\/yemaksantebeaute.com\/lovale-du-visage\/#primaryimage"},"thumbnailUrl":"https:\/\/yemaksantebeaute.com\/wp-content\/uploads\/2022\/04\/traitement-ovale-du-visage-yemak-sante-beaute-1024x1024.png","datePublished":"2023-11-07T22:22:12+00:00","dateModified":"2025-06-15T22:43:18+00:00","description":"The oval of the face","breadcrumb":{"@id":"https:\/\/yemaksantebeaute.com\/lovale-du-visage\/#breadcrumb"},"inLanguage":"en-US","potentialAction":[{"@type":"ReadAction","target":["https:\/\/yemaksantebeaute.com\/lovale-du-visage\/"]}]},{"@type":"ImageObject","inLanguage":"en-US","@id":"https:\/\/yemaksantebeaute.com\/lovale-du-visage\/#primaryimage","url":"https:\/\/yemaksantebeaute.com\/wp-content\/uploads\/2022\/04\/traitement-ovale-du-visage-yemak-sante-beaute-1024x1024.png","contentUrl":"https:\/\/yemaksantebeaute.com\/wp-content\/uploads\/2022\/04\/traitement-ovale-du-visage-yemak-sante-beaute-1024x1024.png"},{"@type":"BreadcrumbList","@id":"https:\/\/yemaksantebeaute.com\/lovale-du-visage\/#breadcrumb","itemListElement":[{"@type":"ListItem","position":1,"name":"Accueil","item":"https:\/\/yemaksantebeaute.com\/"},{"@type":"ListItem","position":2,"name":"L\u2019ovale du visage"}]},{"@type":"WebSite","@id":"https:\/\/yemaksantebeaute.com\/#website","url":"https:\/\/yemaksantebeaute.com\/","name":"Yemak Sant\u00e9 Beaut\u00e9","description":"R\u00e9v\u00e9lez votre beaut\u00e9, sublimer votre bien-\u00eatre","publisher":{"@id":"https:\/\/yemaksantebeaute.com\/#organization"},"potentialAction":[{"@type":"SearchAction","target":{"@type":"EntryPoint","urlTemplate":"https:\/\/yemaksantebeaute.com\/?s={search_term_string}"},"query-input":{"@type":"PropertyValueSpecification","valueRequired":true,"valueName":"search_term_string"}}],"inLanguage":"en-US"},{"@type":"Organization","@id":"https:\/\/yemaksantebeaute.com\/#organization","name":"Yemak Sant\u00e9 Beaut\u00e9","url":"https:\/\/yemaksantebeaute.com\/","logo":{"@type":"ImageObject","inLanguage":"en-US","@id":"https:\/\/yemaksantebeaute.com\/#\/schema\/logo\/image\/","url":"https:\/\/yemaksantebeaute.com\/wp-content\/uploads\/2023\/05\/yemak_logo_site_web-1.png","contentUrl":"https:\/\/yemaksantebeaute.com\/wp-content\/uploads\/2023\/05\/yemak_logo_site_web-1.png","width":250,"height":250,"caption":"Yemak Sant\u00e9 Beaut\u00e9"},"image":{"@id":"https:\/\/yemaksantebeaute.com\/#\/schema\/logo\/image\/"}}]}},"_links":{"self":[{"href":"https:\/\/yemaksantebeaute.com\/en\/wp-json\/wp\/v2\/pages\/2574","targetHints":{"allow":["GET"]}}],"collection":[{"href":"https:\/\/yemaksantebeaute.com\/en\/wp-json\/wp\/v2\/pages"}],"about":[{"href":"https:\/\/yemaksantebeaute.com\/en\/wp-json\/wp\/v2\/types\/page"}],"author":[{"embeddable":true,"href":"https:\/\/yemaksantebeaute.com\/en\/wp-json\/wp\/v2\/users\/2"}],"replies":[{"embeddable":true,"href":"https:\/\/yemaksantebeaute.com\/en\/wp-json\/wp\/v2\/comments?post=2574"}],"version-history":[{"count":52,"href":"https:\/\/yemaksantebeaute.com\/en\/wp-json\/wp\/v2\/pages\/2574\/revisions"}],"predecessor-version":[{"id":5697,"href":"https:\/\/yemaksantebeaute.com\/en\/wp-json\/wp\/v2\/pages\/2574\/revisions\/5697"}],"wp:attachment":[{"href":"https:\/\/yemaksantebeaute.com\/en\/wp-json\/wp\/v2\/media?parent=2574"}],"curies":[{"name":"wp","href":"https:\/\/api.w.org\/{rel}","templated":true}]}}