{"id":2608,"date":"2023-11-07T23:04:49","date_gmt":"2023-11-07T23:04:49","guid":{"rendered":"https:\/\/yemaksantebeaute.com\/?page_id=2608"},"modified":"2025-06-15T22:30:57","modified_gmt":"2025-06-15T22:30:57","slug":"cicatrices-dacnes","status":"publish","type":"page","link":"https:\/\/yemaksantebeaute.com\/en\/cicatrices-dacnes\/","title":{"rendered":"Acne Scars"},"content":{"rendered":"<div data-elementor-type=\"wp-page\" data-elementor-id=\"2608\" class=\"elementor elementor-2608\" data-elementor-settings=\"{&quot;ha_cmc_init_switcher&quot;:&quot;no&quot;}\">\n\t\t\t\t\t\t<section class=\"elementor-section elementor-top-section elementor-element elementor-element-4ddc7d5 elementor-section-boxed elementor-section-height-default elementor-section-height-default wpr-particle-no wpr-jarallax-no wpr-parallax-no wpr-sticky-section-no\" data-id=\"4ddc7d5\" data-element_type=\"section\" data-e-type=\"section\" data-settings=\"{&quot;_ha_eqh_enable&quot;:false}\">\n\t\t\t\t\t\t<div class=\"elementor-container elementor-column-gap-default\">\n\t\t\t\t\t<div class=\"elementor-column elementor-col-100 elementor-top-column elementor-element elementor-element-d813e6b\" data-id=\"d813e6b\" data-element_type=\"column\" data-e-type=\"column\">\n\t\t\t<div class=\"elementor-widget-wrap elementor-element-populated\">\n\t\t\t\t\t\t<div class=\"elementor-element elementor-element-3238505 elementor-widget elementor-widget-heading\" data-id=\"3238505\" data-element_type=\"widget\" data-e-type=\"widget\" data-widget_type=\"heading.default\">\n\t\t\t\t<div class=\"elementor-widget-container\">\n\t\t\t\t\t<h1 class=\"elementor-heading-title elementor-size-default\">Acne Scars<\/h1>\t\t\t\t<\/div>\n\t\t\t\t<\/div>\n\t\t\t\t\t<\/div>\n\t\t<\/div>\n\t\t\t\t\t<\/div>\n\t\t<\/section>\n\t\t\t\t<section class=\"elementor-section elementor-top-section elementor-element elementor-element-bd6d75a elementor-section-boxed elementor-section-height-default elementor-section-height-default wpr-particle-no wpr-jarallax-no wpr-parallax-no wpr-sticky-section-no\" data-id=\"bd6d75a\" data-element_type=\"section\" data-e-type=\"section\" data-settings=\"{&quot;_ha_eqh_enable&quot;:false}\">\n\t\t\t\t\t\t<div class=\"elementor-container elementor-column-gap-default\">\n\t\t\t\t\t<div class=\"elementor-column elementor-col-50 elementor-top-column elementor-element elementor-element-3925b25\" data-id=\"3925b25\" data-element_type=\"column\" data-e-type=\"column\" data-settings=\"{&quot;animation&quot;:&quot;none&quot;}\">\n\t\t\t<div class=\"elementor-widget-wrap elementor-element-populated\">\n\t\t\t\t\t\t<div class=\"elementor-element elementor-element-c2ab1e9 elementor-widget elementor-widget-image\" data-id=\"c2ab1e9\" data-element_type=\"widget\" data-e-type=\"widget\" data-widget_type=\"image.default\">\n\t\t\t\t<div class=\"elementor-widget-container\">\n\t\t\t\t\t\t\t\t\t\t\t\t\t\t\t<img fetchpriority=\"high\" decoding=\"async\" width=\"541\" height=\"417\" src=\"https:\/\/yemaksantebeaute.com\/wp-content\/uploads\/2025\/02\/7jhwffyc.png\" class=\"attachment-large size-large wp-image-4306\" alt=\"\" srcset=\"https:\/\/yemaksantebeaute.com\/wp-content\/uploads\/2025\/02\/7jhwffyc.png 541w, https:\/\/yemaksantebeaute.com\/wp-content\/uploads\/2025\/02\/7jhwffyc-300x231.png 300w, https:\/\/yemaksantebeaute.com\/wp-content\/uploads\/2025\/02\/7jhwffyc-16x12.png 16w\" sizes=\"(max-width: 541px) 100vw, 541px\" \/>\t\t\t\t\t\t\t\t\t\t\t\t\t\t\t<\/div>\n\t\t\t\t<\/div>\n\t\t\t\t\t<\/div>\n\t\t<\/div>\n\t\t\t\t<div class=\"elementor-column elementor-col-50 elementor-top-column elementor-element elementor-element-64fa06e\" data-id=\"64fa06e\" data-element_type=\"column\" data-e-type=\"column\" data-settings=\"{&quot;animation&quot;:&quot;none&quot;}\">\n\t\t\t<div class=\"elementor-widget-wrap elementor-element-populated\">\n\t\t\t\t\t\t<div class=\"elementor-element elementor-element-fb6ef3f elementor-widget elementor-widget-heading\" data-id=\"fb6ef3f\" data-element_type=\"widget\" data-e-type=\"widget\" data-widget_type=\"heading.default\">\n\t\t\t\t<div class=\"elementor-widget-container\">\n\t\t\t\t\t<h4 class=\"elementor-heading-title elementor-size-default\">Redonnez \u00e0 votre peau toute sa clart\u00e9 gr\u00e2ce au soin HydraFace, une solution esth\u00e9tique compl\u00e8te et non invasive pour lutter contre l\u2019acn\u00e9, les imperfections et les cicatrices.<\/h4>\t\t\t\t<\/div>\n\t\t\t\t<\/div>\n\t\t\t\t<div class=\"elementor-element elementor-element-e42145c elementor-widget elementor-widget-image\" data-id=\"e42145c\" data-element_type=\"widget\" data-e-type=\"widget\" data-settings=\"{&quot;_animation&quot;:&quot;none&quot;,&quot;_animation_delay&quot;:100}\" data-widget_type=\"image.default\">\n\t\t\t\t<div class=\"elementor-widget-container\">\n\t\t\t\t\t\t\t\t\t\t\t\t<figure class=\"wp-caption\">\n\t\t\t\t\t\t\t\t\t\t<img decoding=\"async\" width=\"300\" height=\"300\" src=\"https:\/\/yemaksantebeaute.com\/wp-content\/uploads\/2025\/02\/WhatsApp-Image-2025-02-20-at-11.38.35-1-300x300.jpeg\" class=\"attachment-medium size-medium wp-image-4601\" alt=\"\" srcset=\"https:\/\/yemaksantebeaute.com\/wp-content\/uploads\/2025\/02\/WhatsApp-Image-2025-02-20-at-11.38.35-1-300x300.jpeg 300w, https:\/\/yemaksantebeaute.com\/wp-content\/uploads\/2025\/02\/WhatsApp-Image-2025-02-20-at-11.38.35-1-1024x1024.jpeg 1024w, https:\/\/yemaksantebeaute.com\/wp-content\/uploads\/2025\/02\/WhatsApp-Image-2025-02-20-at-11.38.35-1-150x150.jpeg 150w, https:\/\/yemaksantebeaute.com\/wp-content\/uploads\/2025\/02\/WhatsApp-Image-2025-02-20-at-11.38.35-1-768x768.jpeg 768w, https:\/\/yemaksantebeaute.com\/wp-content\/uploads\/2025\/02\/WhatsApp-Image-2025-02-20-at-11.38.35-1-12x12.jpeg 12w, https:\/\/yemaksantebeaute.com\/wp-content\/uploads\/2025\/02\/WhatsApp-Image-2025-02-20-at-11.38.35-1-600x600.jpeg 600w, https:\/\/yemaksantebeaute.com\/wp-content\/uploads\/2025\/02\/WhatsApp-Image-2025-02-20-at-11.38.35-1-100x100.jpeg 100w, https:\/\/yemaksantebeaute.com\/wp-content\/uploads\/2025\/02\/WhatsApp-Image-2025-02-20-at-11.38.35-1.jpeg 1080w\" sizes=\"(max-width: 300px) 100vw, 300px\" \/>\t\t\t\t\t\t\t\t\t\t\t<figcaption class=\"widget-image-caption wp-caption-text\">APPAREIL ESTHETIQUE  SPLENDID BODY RF<\/figcaption>\n\t\t\t\t\t\t\t\t\t\t<\/figure>\n\t\t\t\t\t\t\t\t\t<\/div>\n\t\t\t\t<\/div>\n\t\t\t\t\t<\/div>\n\t\t<\/div>\n\t\t\t\t\t<\/div>\n\t\t<\/section>\n\t\t\t\t<section class=\"elementor-section elementor-top-section elementor-element elementor-element-806cbb5 elementor-section-boxed elementor-section-height-default elementor-section-height-default wpr-particle-no wpr-jarallax-no wpr-parallax-no wpr-sticky-section-no\" data-id=\"806cbb5\" data-element_type=\"section\" data-e-type=\"section\" data-settings=\"{&quot;_ha_eqh_enable&quot;:false}\">\n\t\t\t\t\t\t<div class=\"elementor-container elementor-column-gap-default\">\n\t\t\t\t\t<div class=\"elementor-column elementor-col-33 elementor-top-column elementor-element elementor-element-99e949c\" data-id=\"99e949c\" data-element_type=\"column\" data-e-type=\"column\">\n\t\t\t<div class=\"elementor-widget-wrap elementor-element-populated\">\n\t\t\t\t\t\t<div class=\"elementor-element elementor-element-6f29933 elementor-view-default elementor-widget elementor-widget-icon\" data-id=\"6f29933\" data-element_type=\"widget\" data-e-type=\"widget\" data-widget_type=\"icon.default\">\n\t\t\t\t<div class=\"elementor-widget-container\">\n\t\t\t\t\t\t\t<div class=\"elementor-icon-wrapper\">\n\t\t\t<a class=\"elementor-icon\" href=\"https:\/\/www.facebook.com\/yemaksantebeaute\/\">\n\t\t\t<svg aria-hidden=\"true\" class=\"e-font-icon-svg e-fab-facebook\" viewbox=\"0 0 512 512\" xmlns=\"http:\/\/www.w3.org\/2000\/svg\"><path d=\"M504 256C504 119 393 8 256 8S8 119 8 256c0 123.78 90.69 226.38 209.25 245V327.69h-63V256h63v-54.64c0-62.15 37-96.48 93.67-96.48 27.14 0 55.52 4.84 55.52 4.84v61h-31.28c-30.8 0-40.41 19.12-40.41 38.73V256h68.78l-11 71.69h-57.78V501C413.31 482.38 504 379.78 504 256z\"><\/path><\/svg>\t\t\t<\/a>\n\t\t<\/div>\n\t\t\t\t\t\t<\/div>\n\t\t\t\t<\/div>\n\t\t\t\t\t<\/div>\n\t\t<\/div>\n\t\t\t\t<div class=\"elementor-column elementor-col-33 elementor-top-column elementor-element elementor-element-9f26a54\" data-id=\"9f26a54\" data-element_type=\"column\" data-e-type=\"column\">\n\t\t\t<div class=\"elementor-widget-wrap elementor-element-populated\">\n\t\t\t\t\t\t<div class=\"elementor-element elementor-element-52db0a2 elementor-view-default elementor-widget elementor-widget-icon\" data-id=\"52db0a2\" data-element_type=\"widget\" data-e-type=\"widget\" data-widget_type=\"icon.default\">\n\t\t\t\t<div class=\"elementor-widget-container\">\n\t\t\t\t\t\t\t<div class=\"elementor-icon-wrapper\">\n\t\t\t<div class=\"elementor-icon\">\n\t\t\t<i aria-hidden=\"true\" class=\"icon icon-linkedin\"><\/i>\t\t\t<\/div>\n\t\t<\/div>\n\t\t\t\t\t\t<\/div>\n\t\t\t\t<\/div>\n\t\t\t\t\t<\/div>\n\t\t<\/div>\n\t\t\t\t<div class=\"elementor-column elementor-col-33 elementor-top-column elementor-element elementor-element-c979e7f\" data-id=\"c979e7f\" data-element_type=\"column\" data-e-type=\"column\">\n\t\t\t<div class=\"elementor-widget-wrap elementor-element-populated\">\n\t\t\t\t\t\t<div class=\"elementor-element elementor-element-a8b9f72 elementor-view-default elementor-widget elementor-widget-icon\" data-id=\"a8b9f72\" data-element_type=\"widget\" data-e-type=\"widget\" data-widget_type=\"icon.default\">\n\t\t\t\t<div class=\"elementor-widget-container\">\n\t\t\t\t\t\t\t<div class=\"elementor-icon-wrapper\">\n\t\t\t<a class=\"elementor-icon\" href=\"https:\/\/www.instagram.com\/yemaksantebeaute\/\">\n\t\t\t<i aria-hidden=\"true\" class=\"icon icon-instagram-1\"><\/i>\t\t\t<\/a>\n\t\t<\/div>\n\t\t\t\t\t\t<\/div>\n\t\t\t\t<\/div>\n\t\t\t\t\t<\/div>\n\t\t<\/div>\n\t\t\t\t\t<\/div>\n\t\t<\/section>\n\t\t\t\t<\/div>","protected":false},"excerpt":{"rendered":"<p>Cicatrices d\u2019acn\u00e9s Redonnez \u00e0 votre peau toute sa clart\u00e9 gr\u00e2ce au soin HydraFace, une solution esth\u00e9tique compl\u00e8te et non invasive pour lutter contre l\u2019acn\u00e9, les imperfections et les cicatrices. APPAREIL ESTHETIQUE SPLENDID BODY RF<\/p>","protected":false},"author":2,"featured_media":0,"parent":0,"menu_order":0,"comment_status":"closed","ping_status":"closed","template":"elementor_header_footer","meta":{"_eb_attr":"","inline_featured_image":false,"_monsterinsights_skip_tracking":false,"_monsterinsights_sitenote_active":false,"_monsterinsights_sitenote_note":"","_monsterinsights_sitenote_category":0,"footnotes":""},"class_list":["post-2608","page","type-page","status-publish","hentry"],"yoast_head":"<!-- This site is optimized with the Yoast SEO plugin v26.9 - https:\/\/yoast.com\/product\/yoast-seo-wordpress\/ -->\n<title>Cicatrices d\u2019acn\u00e9s - Yemak Sant\u00e9 Beaut\u00e9<\/title>\n<meta name=\"description\" content=\"Cicatrices d\u2019acn\u00e9s\" \/>\n<meta name=\"robots\" content=\"index, follow, max-snippet:-1, max-image-preview:large, max-video-preview:-1\" \/>\n<link rel=\"canonical\" href=\"https:\/\/yemaksantebeaute.com\/en\/cicatrices-dacnes\/\" \/>\n<meta property=\"og:locale\" content=\"en_US\" \/>\n<meta property=\"og:type\" content=\"article\" \/>\n<meta property=\"og:title\" content=\"Cicatrices d\u2019acn\u00e9s - Yemak Sant\u00e9 Beaut\u00e9\" \/>\n<meta property=\"og:description\" content=\"Cicatrices d\u2019acn\u00e9s\" \/>\n<meta property=\"og:url\" content=\"https:\/\/yemaksantebeaute.com\/en\/cicatrices-dacnes\/\" \/>\n<meta property=\"og:site_name\" content=\"Yemak Sant\u00e9 Beaut\u00e9\" \/>\n<meta property=\"article:modified_time\" content=\"2025-06-15T22:30:57+00:00\" \/>\n<meta property=\"og:image\" content=\"https:\/\/yemaksantebeaute.com\/wp-content\/uploads\/2025\/02\/7jhwffyc.png\" \/>\n<meta name=\"twitter:card\" content=\"summary_large_image\" \/>\n<script type=\"application\/ld+json\" class=\"yoast-schema-graph\">{\"@context\":\"https:\/\/schema.org\",\"@graph\":[{\"@type\":\"WebPage\",\"@id\":\"https:\/\/yemaksantebeaute.com\/cicatrices-dacnes\/\",\"url\":\"https:\/\/yemaksantebeaute.com\/cicatrices-dacnes\/\",\"name\":\"Cicatrices d\u2019acn\u00e9s - Yemak Sant\u00e9 Beaut\u00e9\",\"isPartOf\":{\"@id\":\"https:\/\/yemaksantebeaute.com\/#website\"},\"primaryImageOfPage\":{\"@id\":\"https:\/\/yemaksantebeaute.com\/cicatrices-dacnes\/#primaryimage\"},\"image\":{\"@id\":\"https:\/\/yemaksantebeaute.com\/cicatrices-dacnes\/#primaryimage\"},\"thumbnailUrl\":\"https:\/\/yemaksantebeaute.com\/wp-content\/uploads\/2025\/02\/7jhwffyc.png\",\"datePublished\":\"2023-11-07T23:04:49+00:00\",\"dateModified\":\"2025-06-15T22:30:57+00:00\",\"description\":\"Cicatrices d\u2019acn\u00e9s\",\"breadcrumb\":{\"@id\":\"https:\/\/yemaksantebeaute.com\/cicatrices-dacnes\/#breadcrumb\"},\"inLanguage\":\"en-US\",\"potentialAction\":[{\"@type\":\"ReadAction\",\"target\":[\"https:\/\/yemaksantebeaute.com\/cicatrices-dacnes\/\"]}]},{\"@type\":\"ImageObject\",\"inLanguage\":\"en-US\",\"@id\":\"https:\/\/yemaksantebeaute.com\/cicatrices-dacnes\/#primaryimage\",\"url\":\"https:\/\/yemaksantebeaute.com\/wp-content\/uploads\/2025\/02\/7jhwffyc.png\",\"contentUrl\":\"https:\/\/yemaksantebeaute.com\/wp-content\/uploads\/2025\/02\/7jhwffyc.png\"},{\"@type\":\"BreadcrumbList\",\"@id\":\"https:\/\/yemaksantebeaute.com\/cicatrices-dacnes\/#breadcrumb\",\"itemListElement\":[{\"@type\":\"ListItem\",\"position\":1,\"name\":\"Accueil\",\"item\":\"https:\/\/yemaksantebeaute.com\/\"},{\"@type\":\"ListItem\",\"position\":2,\"name\":\"Cicatrices d\u2019acn\u00e9s\"}]},{\"@type\":\"WebSite\",\"@id\":\"https:\/\/yemaksantebeaute.com\/#website\",\"url\":\"https:\/\/yemaksantebeaute.com\/\",\"name\":\"Yemak Sant\u00e9 Beaut\u00e9\",\"description\":\"R\u00e9v\u00e9lez votre beaut\u00e9, sublimer votre bien-\u00eatre\",\"publisher\":{\"@id\":\"https:\/\/yemaksantebeaute.com\/#organization\"},\"potentialAction\":[{\"@type\":\"SearchAction\",\"target\":{\"@type\":\"EntryPoint\",\"urlTemplate\":\"https:\/\/yemaksantebeaute.com\/?s={search_term_string}\"},\"query-input\":{\"@type\":\"PropertyValueSpecification\",\"valueRequired\":true,\"valueName\":\"search_term_string\"}}],\"inLanguage\":\"en-US\"},{\"@type\":\"Organization\",\"@id\":\"https:\/\/yemaksantebeaute.com\/#organization\",\"name\":\"Yemak Sant\u00e9 Beaut\u00e9\",\"url\":\"https:\/\/yemaksantebeaute.com\/\",\"logo\":{\"@type\":\"ImageObject\",\"inLanguage\":\"en-US\",\"@id\":\"https:\/\/yemaksantebeaute.com\/#\/schema\/logo\/image\/\",\"url\":\"https:\/\/yemaksantebeaute.com\/wp-content\/uploads\/2023\/05\/yemak_logo_site_web-1.png\",\"contentUrl\":\"https:\/\/yemaksantebeaute.com\/wp-content\/uploads\/2023\/05\/yemak_logo_site_web-1.png\",\"width\":250,\"height\":250,\"caption\":\"Yemak Sant\u00e9 Beaut\u00e9\"},\"image\":{\"@id\":\"https:\/\/yemaksantebeaute.com\/#\/schema\/logo\/image\/\"}}]}<\/script>\n<!-- \/ Yoast SEO plugin. -->","yoast_head_json":{"title":"Cicatrices d\u2019acn\u00e9s - Yemak Sant\u00e9 Beaut\u00e9","description":"Acne Scars","robots":{"index":"index","follow":"follow","max-snippet":"max-snippet:-1","max-image-preview":"max-image-preview:large","max-video-preview":"max-video-preview:-1"},"canonical":"https:\/\/yemaksantebeaute.com\/en\/cicatrices-dacnes\/","og_locale":"en_US","og_type":"article","og_title":"Cicatrices d\u2019acn\u00e9s - Yemak Sant\u00e9 Beaut\u00e9","og_description":"Cicatrices d\u2019acn\u00e9s","og_url":"https:\/\/yemaksantebeaute.com\/en\/cicatrices-dacnes\/","og_site_name":"Yemak Sant\u00e9 Beaut\u00e9","article_modified_time":"2025-06-15T22:30:57+00:00","og_image":[{"url":"https:\/\/yemaksantebeaute.com\/wp-content\/uploads\/2025\/02\/7jhwffyc.png","type":"","width":"","height":""}],"twitter_card":"summary_large_image","schema":{"@context":"https:\/\/schema.org","@graph":[{"@type":"WebPage","@id":"https:\/\/yemaksantebeaute.com\/cicatrices-dacnes\/","url":"https:\/\/yemaksantebeaute.com\/cicatrices-dacnes\/","name":"Cicatrices d\u2019acn\u00e9s - Yemak Sant\u00e9 Beaut\u00e9","isPartOf":{"@id":"https:\/\/yemaksantebeaute.com\/#website"},"primaryImageOfPage":{"@id":"https:\/\/yemaksantebeaute.com\/cicatrices-dacnes\/#primaryimage"},"image":{"@id":"https:\/\/yemaksantebeaute.com\/cicatrices-dacnes\/#primaryimage"},"thumbnailUrl":"https:\/\/yemaksantebeaute.com\/wp-content\/uploads\/2025\/02\/7jhwffyc.png","datePublished":"2023-11-07T23:04:49+00:00","dateModified":"2025-06-15T22:30:57+00:00","description":"Acne Scars","breadcrumb":{"@id":"https:\/\/yemaksantebeaute.com\/cicatrices-dacnes\/#breadcrumb"},"inLanguage":"en-US","potentialAction":[{"@type":"ReadAction","target":["https:\/\/yemaksantebeaute.com\/cicatrices-dacnes\/"]}]},{"@type":"ImageObject","inLanguage":"en-US","@id":"https:\/\/yemaksantebeaute.com\/cicatrices-dacnes\/#primaryimage","url":"https:\/\/yemaksantebeaute.com\/wp-content\/uploads\/2025\/02\/7jhwffyc.png","contentUrl":"https:\/\/yemaksantebeaute.com\/wp-content\/uploads\/2025\/02\/7jhwffyc.png"},{"@type":"BreadcrumbList","@id":"https:\/\/yemaksantebeaute.com\/cicatrices-dacnes\/#breadcrumb","itemListElement":[{"@type":"ListItem","position":1,"name":"Accueil","item":"https:\/\/yemaksantebeaute.com\/"},{"@type":"ListItem","position":2,"name":"Cicatrices d\u2019acn\u00e9s"}]},{"@type":"WebSite","@id":"https:\/\/yemaksantebeaute.com\/#website","url":"https:\/\/yemaksantebeaute.com\/","name":"Yemak Sant\u00e9 Beaut\u00e9","description":"R\u00e9v\u00e9lez votre beaut\u00e9, sublimer votre bien-\u00eatre","publisher":{"@id":"https:\/\/yemaksantebeaute.com\/#organization"},"potentialAction":[{"@type":"SearchAction","target":{"@type":"EntryPoint","urlTemplate":"https:\/\/yemaksantebeaute.com\/?s={search_term_string}"},"query-input":{"@type":"PropertyValueSpecification","valueRequired":true,"valueName":"search_term_string"}}],"inLanguage":"en-US"},{"@type":"Organization","@id":"https:\/\/yemaksantebeaute.com\/#organization","name":"Yemak Sant\u00e9 Beaut\u00e9","url":"https:\/\/yemaksantebeaute.com\/","logo":{"@type":"ImageObject","inLanguage":"en-US","@id":"https:\/\/yemaksantebeaute.com\/#\/schema\/logo\/image\/","url":"https:\/\/yemaksantebeaute.com\/wp-content\/uploads\/2023\/05\/yemak_logo_site_web-1.png","contentUrl":"https:\/\/yemaksantebeaute.com\/wp-content\/uploads\/2023\/05\/yemak_logo_site_web-1.png","width":250,"height":250,"caption":"Yemak Sant\u00e9 Beaut\u00e9"},"image":{"@id":"https:\/\/yemaksantebeaute.com\/#\/schema\/logo\/image\/"}}]}},"_links":{"self":[{"href":"https:\/\/yemaksantebeaute.com\/en\/wp-json\/wp\/v2\/pages\/2608","targetHints":{"allow":["GET"]}}],"collection":[{"href":"https:\/\/yemaksantebeaute.com\/en\/wp-json\/wp\/v2\/pages"}],"about":[{"href":"https:\/\/yemaksantebeaute.com\/en\/wp-json\/wp\/v2\/types\/page"}],"author":[{"embeddable":true,"href":"https:\/\/yemaksantebeaute.com\/en\/wp-json\/wp\/v2\/users\/2"}],"replies":[{"embeddable":true,"href":"https:\/\/yemaksantebeaute.com\/en\/wp-json\/wp\/v2\/comments?post=2608"}],"version-history":[{"count":70,"href":"https:\/\/yemaksantebeaute.com\/en\/wp-json\/wp\/v2\/pages\/2608\/revisions"}],"predecessor-version":[{"id":5683,"href":"https:\/\/yemaksantebeaute.com\/en\/wp-json\/wp\/v2\/pages\/2608\/revisions\/5683"}],"wp:attachment":[{"href":"https:\/\/yemaksantebeaute.com\/en\/wp-json\/wp\/v2\/media?parent=2608"}],"curies":[{"name":"wp","href":"https:\/\/api.w.org\/{rel}","templated":true}]}}