{"id":2635,"date":"2023-11-08T10:37:09","date_gmt":"2023-11-08T10:37:09","guid":{"rendered":"https:\/\/yemaksantebeaute.com\/?page_id=2635"},"modified":"2025-06-15T23:47:52","modified_gmt":"2025-06-15T23:47:52","slug":"elementor-page-4899","status":"publish","type":"page","link":"https:\/\/yemaksantebeaute.com\/en\/elementor-page-4899\/","title":{"rendered":"Mesotherapy"},"content":{"rendered":"<div data-elementor-type=\"wp-page\" data-elementor-id=\"2635\" class=\"elementor elementor-2635\" data-elementor-settings=\"{&quot;ha_cmc_init_switcher&quot;:&quot;no&quot;}\">\n\t\t\t\t\t\t<section class=\"elementor-section elementor-top-section elementor-element elementor-element-d972766 elementor-section-boxed elementor-section-height-default elementor-section-height-default wpr-particle-no wpr-jarallax-no wpr-parallax-no wpr-sticky-section-no\" data-id=\"d972766\" data-element_type=\"section\" data-e-type=\"section\" data-settings=\"{&quot;_ha_eqh_enable&quot;:false}\">\n\t\t\t\t\t\t<div class=\"elementor-container elementor-column-gap-default\">\n\t\t\t\t\t<div class=\"elementor-column elementor-col-100 elementor-top-column elementor-element elementor-element-de90c81\" data-id=\"de90c81\" data-element_type=\"column\" data-e-type=\"column\">\n\t\t\t<div class=\"elementor-widget-wrap elementor-element-populated\">\n\t\t\t\t\t\t<div class=\"elementor-element elementor-element-9889790 elementor-widget elementor-widget-heading\" data-id=\"9889790\" data-element_type=\"widget\" data-e-type=\"widget\" data-widget_type=\"heading.default\">\n\t\t\t\t<div class=\"elementor-widget-container\">\n\t\t\t\t\t<h1 class=\"elementor-heading-title elementor-size-default\">Mesotherapy<\/h1>\t\t\t\t<\/div>\n\t\t\t\t<\/div>\n\t\t\t\t\t<\/div>\n\t\t<\/div>\n\t\t\t\t\t<\/div>\n\t\t<\/section>\n\t\t\t\t<section class=\"elementor-section elementor-top-section elementor-element elementor-element-e679250 elementor-section-boxed elementor-section-height-default elementor-section-height-default wpr-particle-no wpr-jarallax-no wpr-parallax-no wpr-sticky-section-no\" data-id=\"e679250\" data-element_type=\"section\" data-e-type=\"section\" data-settings=\"{&quot;_ha_eqh_enable&quot;:false}\">\n\t\t\t\t\t\t<div class=\"elementor-container elementor-column-gap-default\">\n\t\t\t\t\t<div class=\"elementor-column elementor-col-50 elementor-top-column elementor-element elementor-element-ba54331\" data-id=\"ba54331\" data-element_type=\"column\" data-e-type=\"column\">\n\t\t\t<div class=\"elementor-widget-wrap elementor-element-populated\">\n\t\t\t\t\t\t<div class=\"elementor-element elementor-element-81f5c54 elementor-widget elementor-widget-image\" data-id=\"81f5c54\" data-element_type=\"widget\" data-e-type=\"widget\" data-widget_type=\"image.default\">\n\t\t\t\t<div class=\"elementor-widget-container\">\n\t\t\t\t\t\t\t\t\t\t\t\t\t\t\t<img fetchpriority=\"high\" decoding=\"async\" width=\"640\" height=\"797\" src=\"https:\/\/yemaksantebeaute.com\/wp-content\/uploads\/2022\/03\/yemak-peeling.png\" class=\"attachment-large size-large wp-image-1403\" alt=\"\" srcset=\"https:\/\/yemaksantebeaute.com\/wp-content\/uploads\/2022\/03\/yemak-peeling.png 640w, https:\/\/yemaksantebeaute.com\/wp-content\/uploads\/2022\/03\/yemak-peeling-600x747.png 600w, https:\/\/yemaksantebeaute.com\/wp-content\/uploads\/2022\/03\/yemak-peeling-241x300.png 241w\" sizes=\"(max-width: 640px) 100vw, 640px\" \/>\t\t\t\t\t\t\t\t\t\t\t\t\t\t\t<\/div>\n\t\t\t\t<\/div>\n\t\t\t\t\t<\/div>\n\t\t<\/div>\n\t\t\t\t<div class=\"elementor-column elementor-col-50 elementor-top-column elementor-element elementor-element-bf7dc59\" data-id=\"bf7dc59\" data-element_type=\"column\" data-e-type=\"column\" data-settings=\"{&quot;animation&quot;:&quot;none&quot;}\">\n\t\t\t<div class=\"elementor-widget-wrap elementor-element-populated\">\n\t\t\t\t\t\t<div class=\"elementor-element elementor-element-0863a66 elementor-widget elementor-widget-text-editor\" data-id=\"0863a66\" data-element_type=\"widget\" data-e-type=\"widget\" data-widget_type=\"text-editor.default\">\n\t\t\t\t<div class=\"elementor-widget-container\">\n\t\t\t\t\t\t\t\t\t<p>La<strong> m\u00e9soth\u00e9rapie<\/strong> est une technique qui stimul\u00e9 les fibroblastes afin d&rsquo;augmenter la s\u00e9cr\u00e9tion de collag\u00e8ne au niveau de la peau induisant un processus de rajeunissement<\/p>\t\t\t\t\t\t\t\t<\/div>\n\t\t\t\t<\/div>\n\t\t\t\t<div class=\"elementor-element elementor-element-1c3b75e elementor-widget elementor-widget-image\" data-id=\"1c3b75e\" data-element_type=\"widget\" data-e-type=\"widget\" data-settings=\"{&quot;_animation&quot;:&quot;none&quot;,&quot;_animation_delay&quot;:100}\" data-widget_type=\"image.default\">\n\t\t\t\t<div class=\"elementor-widget-container\">\n\t\t\t\t\t\t\t\t\t\t\t\t<figure class=\"wp-caption\">\n\t\t\t\t\t\t\t\t\t\t<img decoding=\"async\" width=\"300\" height=\"300\" src=\"https:\/\/yemaksantebeaute.com\/wp-content\/uploads\/2025\/02\/WhatsApp-Image-2025-02-20-at-11.38.35-1-300x300.jpeg\" class=\"attachment-medium size-medium wp-image-4601\" alt=\"\" srcset=\"https:\/\/yemaksantebeaute.com\/wp-content\/uploads\/2025\/02\/WhatsApp-Image-2025-02-20-at-11.38.35-1-300x300.jpeg 300w, https:\/\/yemaksantebeaute.com\/wp-content\/uploads\/2025\/02\/WhatsApp-Image-2025-02-20-at-11.38.35-1-1024x1024.jpeg 1024w, https:\/\/yemaksantebeaute.com\/wp-content\/uploads\/2025\/02\/WhatsApp-Image-2025-02-20-at-11.38.35-1-150x150.jpeg 150w, https:\/\/yemaksantebeaute.com\/wp-content\/uploads\/2025\/02\/WhatsApp-Image-2025-02-20-at-11.38.35-1-768x768.jpeg 768w, https:\/\/yemaksantebeaute.com\/wp-content\/uploads\/2025\/02\/WhatsApp-Image-2025-02-20-at-11.38.35-1-12x12.jpeg 12w, https:\/\/yemaksantebeaute.com\/wp-content\/uploads\/2025\/02\/WhatsApp-Image-2025-02-20-at-11.38.35-1-600x600.jpeg 600w, https:\/\/yemaksantebeaute.com\/wp-content\/uploads\/2025\/02\/WhatsApp-Image-2025-02-20-at-11.38.35-1-100x100.jpeg 100w, https:\/\/yemaksantebeaute.com\/wp-content\/uploads\/2025\/02\/WhatsApp-Image-2025-02-20-at-11.38.35-1.jpeg 1080w\" sizes=\"(max-width: 300px) 100vw, 300px\" \/>\t\t\t\t\t\t\t\t\t\t\t<figcaption class=\"widget-image-caption wp-caption-text\">APPAREIL ESTHETIQUE   hydraface pro<\/figcaption>\n\t\t\t\t\t\t\t\t\t\t<\/figure>\n\t\t\t\t\t\t\t\t\t<\/div>\n\t\t\t\t<\/div>\n\t\t\t\t\t<\/div>\n\t\t<\/div>\n\t\t\t\t\t<\/div>\n\t\t<\/section>\n\t\t\t\t<section class=\"elementor-section elementor-top-section elementor-element elementor-element-4aefaad elementor-section-boxed elementor-section-height-default elementor-section-height-default wpr-particle-no wpr-jarallax-no wpr-parallax-no wpr-sticky-section-no\" data-id=\"4aefaad\" data-element_type=\"section\" data-e-type=\"section\" data-settings=\"{&quot;_ha_eqh_enable&quot;:false}\">\n\t\t\t\t\t\t<div class=\"elementor-container elementor-column-gap-default\">\n\t\t\t\t\t<div class=\"elementor-column elementor-col-33 elementor-top-column elementor-element elementor-element-250af24\" data-id=\"250af24\" data-element_type=\"column\" data-e-type=\"column\">\n\t\t\t<div class=\"elementor-widget-wrap elementor-element-populated\">\n\t\t\t\t\t\t<div class=\"elementor-element elementor-element-125c20f elementor-view-default elementor-widget elementor-widget-icon\" data-id=\"125c20f\" data-element_type=\"widget\" data-e-type=\"widget\" data-widget_type=\"icon.default\">\n\t\t\t\t<div class=\"elementor-widget-container\">\n\t\t\t\t\t\t\t<div class=\"elementor-icon-wrapper\">\n\t\t\t<a class=\"elementor-icon\" href=\"https:\/\/www.facebook.com\/yemaksantebeaute\/\">\n\t\t\t<svg aria-hidden=\"true\" class=\"e-font-icon-svg e-fab-facebook\" viewbox=\"0 0 512 512\" xmlns=\"http:\/\/www.w3.org\/2000\/svg\"><path d=\"M504 256C504 119 393 8 256 8S8 119 8 256c0 123.78 90.69 226.38 209.25 245V327.69h-63V256h63v-54.64c0-62.15 37-96.48 93.67-96.48 27.14 0 55.52 4.84 55.52 4.84v61h-31.28c-30.8 0-40.41 19.12-40.41 38.73V256h68.78l-11 71.69h-57.78V501C413.31 482.38 504 379.78 504 256z\"><\/path><\/svg>\t\t\t<\/a>\n\t\t<\/div>\n\t\t\t\t\t\t<\/div>\n\t\t\t\t<\/div>\n\t\t\t\t\t<\/div>\n\t\t<\/div>\n\t\t\t\t<div class=\"elementor-column elementor-col-33 elementor-top-column elementor-element elementor-element-0c49687\" data-id=\"0c49687\" data-element_type=\"column\" data-e-type=\"column\">\n\t\t\t<div class=\"elementor-widget-wrap elementor-element-populated\">\n\t\t\t\t\t\t<div class=\"elementor-element elementor-element-b9fae54 elementor-view-default elementor-widget elementor-widget-icon\" data-id=\"b9fae54\" data-element_type=\"widget\" data-e-type=\"widget\" data-widget_type=\"icon.default\">\n\t\t\t\t<div class=\"elementor-widget-container\">\n\t\t\t\t\t\t\t<div class=\"elementor-icon-wrapper\">\n\t\t\t<div class=\"elementor-icon\">\n\t\t\t<i aria-hidden=\"true\" class=\"icon icon-linkedin\"><\/i>\t\t\t<\/div>\n\t\t<\/div>\n\t\t\t\t\t\t<\/div>\n\t\t\t\t<\/div>\n\t\t\t\t\t<\/div>\n\t\t<\/div>\n\t\t\t\t<div class=\"elementor-column elementor-col-33 elementor-top-column elementor-element elementor-element-1a663b5\" data-id=\"1a663b5\" data-element_type=\"column\" data-e-type=\"column\">\n\t\t\t<div class=\"elementor-widget-wrap elementor-element-populated\">\n\t\t\t\t\t\t<div class=\"elementor-element elementor-element-c21270c elementor-view-default elementor-widget elementor-widget-icon\" data-id=\"c21270c\" data-element_type=\"widget\" data-e-type=\"widget\" data-widget_type=\"icon.default\">\n\t\t\t\t<div class=\"elementor-widget-container\">\n\t\t\t\t\t\t\t<div class=\"elementor-icon-wrapper\">\n\t\t\t<a class=\"elementor-icon\" href=\"https:\/\/www.instagram.com\/yemaksantebeaute\/\">\n\t\t\t<i aria-hidden=\"true\" class=\"icon icon-instagram-1\"><\/i>\t\t\t<\/a>\n\t\t<\/div>\n\t\t\t\t\t\t<\/div>\n\t\t\t\t<\/div>\n\t\t\t\t\t<\/div>\n\t\t<\/div>\n\t\t\t\t\t<\/div>\n\t\t<\/section>\n\t\t\t\t<\/div>","protected":false},"excerpt":{"rendered":"<p>M\u00e9soth\u00e9rapie La m\u00e9soth\u00e9rapie est une technique qui stimul\u00e9 les fibroblastes afin d&rsquo;augmenter la s\u00e9cr\u00e9tion de collag\u00e8ne au niveau de la peau induisant un processus de rajeunissement APPAREIL ESTHETIQUE hydraface pro<\/p>","protected":false},"author":2,"featured_media":0,"parent":0,"menu_order":0,"comment_status":"closed","ping_status":"closed","template":"elementor_header_footer","meta":{"_eb_attr":"","inline_featured_image":false,"_monsterinsights_skip_tracking":false,"_monsterinsights_sitenote_active":false,"_monsterinsights_sitenote_note":"","_monsterinsights_sitenote_category":0,"footnotes":""},"class_list":["post-2635","page","type-page","status-publish","hentry"],"yoast_head":"<!-- This site is optimized with the Yoast SEO plugin v26.9 - https:\/\/yoast.com\/product\/yoast-seo-wordpress\/ -->\n<title>M\u00e9soth\u00e9rapie - Yemak Sant\u00e9 Beaut\u00e9<\/title>\n<meta name=\"description\" content=\"M\u00e9soth\u00e9rapie\" \/>\n<meta name=\"robots\" content=\"index, follow, max-snippet:-1, max-image-preview:large, max-video-preview:-1\" \/>\n<link rel=\"canonical\" href=\"https:\/\/yemaksantebeaute.com\/en\/elementor-page-4899\/\" \/>\n<meta property=\"og:locale\" content=\"en_US\" \/>\n<meta property=\"og:type\" content=\"article\" \/>\n<meta property=\"og:title\" content=\"M\u00e9soth\u00e9rapie - Yemak Sant\u00e9 Beaut\u00e9\" \/>\n<meta property=\"og:description\" content=\"M\u00e9soth\u00e9rapie\" \/>\n<meta property=\"og:url\" content=\"https:\/\/yemaksantebeaute.com\/en\/elementor-page-4899\/\" \/>\n<meta property=\"og:site_name\" content=\"Yemak Sant\u00e9 Beaut\u00e9\" \/>\n<meta property=\"article:modified_time\" content=\"2025-06-15T23:47:52+00:00\" \/>\n<meta property=\"og:image\" content=\"https:\/\/yemaksantebeaute.com\/wp-content\/uploads\/2022\/03\/yemak-peeling.png\" \/>\n<meta name=\"twitter:card\" content=\"summary_large_image\" \/>\n<script type=\"application\/ld+json\" class=\"yoast-schema-graph\">{\"@context\":\"https:\/\/schema.org\",\"@graph\":[{\"@type\":\"WebPage\",\"@id\":\"https:\/\/yemaksantebeaute.com\/elementor-page-4899\/\",\"url\":\"https:\/\/yemaksantebeaute.com\/elementor-page-4899\/\",\"name\":\"M\u00e9soth\u00e9rapie - Yemak Sant\u00e9 Beaut\u00e9\",\"isPartOf\":{\"@id\":\"https:\/\/yemaksantebeaute.com\/#website\"},\"primaryImageOfPage\":{\"@id\":\"https:\/\/yemaksantebeaute.com\/elementor-page-4899\/#primaryimage\"},\"image\":{\"@id\":\"https:\/\/yemaksantebeaute.com\/elementor-page-4899\/#primaryimage\"},\"thumbnailUrl\":\"https:\/\/yemaksantebeaute.com\/wp-content\/uploads\/2022\/03\/yemak-peeling.png\",\"datePublished\":\"2023-11-08T10:37:09+00:00\",\"dateModified\":\"2025-06-15T23:47:52+00:00\",\"description\":\"M\u00e9soth\u00e9rapie\",\"breadcrumb\":{\"@id\":\"https:\/\/yemaksantebeaute.com\/elementor-page-4899\/#breadcrumb\"},\"inLanguage\":\"en-US\",\"potentialAction\":[{\"@type\":\"ReadAction\",\"target\":[\"https:\/\/yemaksantebeaute.com\/elementor-page-4899\/\"]}]},{\"@type\":\"ImageObject\",\"inLanguage\":\"en-US\",\"@id\":\"https:\/\/yemaksantebeaute.com\/elementor-page-4899\/#primaryimage\",\"url\":\"https:\/\/yemaksantebeaute.com\/wp-content\/uploads\/2022\/03\/yemak-peeling.png\",\"contentUrl\":\"https:\/\/yemaksantebeaute.com\/wp-content\/uploads\/2022\/03\/yemak-peeling.png\"},{\"@type\":\"BreadcrumbList\",\"@id\":\"https:\/\/yemaksantebeaute.com\/elementor-page-4899\/#breadcrumb\",\"itemListElement\":[{\"@type\":\"ListItem\",\"position\":1,\"name\":\"Accueil\",\"item\":\"https:\/\/yemaksantebeaute.com\/\"},{\"@type\":\"ListItem\",\"position\":2,\"name\":\"M\u00e9soth\u00e9rapie\"}]},{\"@type\":\"WebSite\",\"@id\":\"https:\/\/yemaksantebeaute.com\/#website\",\"url\":\"https:\/\/yemaksantebeaute.com\/\",\"name\":\"Yemak Sant\u00e9 Beaut\u00e9\",\"description\":\"R\u00e9v\u00e9lez votre beaut\u00e9, sublimer votre bien-\u00eatre\",\"publisher\":{\"@id\":\"https:\/\/yemaksantebeaute.com\/#organization\"},\"potentialAction\":[{\"@type\":\"SearchAction\",\"target\":{\"@type\":\"EntryPoint\",\"urlTemplate\":\"https:\/\/yemaksantebeaute.com\/?s={search_term_string}\"},\"query-input\":{\"@type\":\"PropertyValueSpecification\",\"valueRequired\":true,\"valueName\":\"search_term_string\"}}],\"inLanguage\":\"en-US\"},{\"@type\":\"Organization\",\"@id\":\"https:\/\/yemaksantebeaute.com\/#organization\",\"name\":\"Yemak Sant\u00e9 Beaut\u00e9\",\"url\":\"https:\/\/yemaksantebeaute.com\/\",\"logo\":{\"@type\":\"ImageObject\",\"inLanguage\":\"en-US\",\"@id\":\"https:\/\/yemaksantebeaute.com\/#\/schema\/logo\/image\/\",\"url\":\"https:\/\/yemaksantebeaute.com\/wp-content\/uploads\/2023\/05\/yemak_logo_site_web-1.png\",\"contentUrl\":\"https:\/\/yemaksantebeaute.com\/wp-content\/uploads\/2023\/05\/yemak_logo_site_web-1.png\",\"width\":250,\"height\":250,\"caption\":\"Yemak Sant\u00e9 Beaut\u00e9\"},\"image\":{\"@id\":\"https:\/\/yemaksantebeaute.com\/#\/schema\/logo\/image\/\"}}]}<\/script>\n<!-- \/ Yoast SEO plugin. -->","yoast_head_json":{"title":"M\u00e9soth\u00e9rapie - Yemak Sant\u00e9 Beaut\u00e9","description":"Mesotherapy","robots":{"index":"index","follow":"follow","max-snippet":"max-snippet:-1","max-image-preview":"max-image-preview:large","max-video-preview":"max-video-preview:-1"},"canonical":"https:\/\/yemaksantebeaute.com\/en\/elementor-page-4899\/","og_locale":"en_US","og_type":"article","og_title":"M\u00e9soth\u00e9rapie - Yemak Sant\u00e9 Beaut\u00e9","og_description":"M\u00e9soth\u00e9rapie","og_url":"https:\/\/yemaksantebeaute.com\/en\/elementor-page-4899\/","og_site_name":"Yemak Sant\u00e9 Beaut\u00e9","article_modified_time":"2025-06-15T23:47:52+00:00","og_image":[{"url":"https:\/\/yemaksantebeaute.com\/wp-content\/uploads\/2022\/03\/yemak-peeling.png","type":"","width":"","height":""}],"twitter_card":"summary_large_image","schema":{"@context":"https:\/\/schema.org","@graph":[{"@type":"WebPage","@id":"https:\/\/yemaksantebeaute.com\/elementor-page-4899\/","url":"https:\/\/yemaksantebeaute.com\/elementor-page-4899\/","name":"M\u00e9soth\u00e9rapie - Yemak Sant\u00e9 Beaut\u00e9","isPartOf":{"@id":"https:\/\/yemaksantebeaute.com\/#website"},"primaryImageOfPage":{"@id":"https:\/\/yemaksantebeaute.com\/elementor-page-4899\/#primaryimage"},"image":{"@id":"https:\/\/yemaksantebeaute.com\/elementor-page-4899\/#primaryimage"},"thumbnailUrl":"https:\/\/yemaksantebeaute.com\/wp-content\/uploads\/2022\/03\/yemak-peeling.png","datePublished":"2023-11-08T10:37:09+00:00","dateModified":"2025-06-15T23:47:52+00:00","description":"Mesotherapy","breadcrumb":{"@id":"https:\/\/yemaksantebeaute.com\/elementor-page-4899\/#breadcrumb"},"inLanguage":"en-US","potentialAction":[{"@type":"ReadAction","target":["https:\/\/yemaksantebeaute.com\/elementor-page-4899\/"]}]},{"@type":"ImageObject","inLanguage":"en-US","@id":"https:\/\/yemaksantebeaute.com\/elementor-page-4899\/#primaryimage","url":"https:\/\/yemaksantebeaute.com\/wp-content\/uploads\/2022\/03\/yemak-peeling.png","contentUrl":"https:\/\/yemaksantebeaute.com\/wp-content\/uploads\/2022\/03\/yemak-peeling.png"},{"@type":"BreadcrumbList","@id":"https:\/\/yemaksantebeaute.com\/elementor-page-4899\/#breadcrumb","itemListElement":[{"@type":"ListItem","position":1,"name":"Accueil","item":"https:\/\/yemaksantebeaute.com\/"},{"@type":"ListItem","position":2,"name":"M\u00e9soth\u00e9rapie"}]},{"@type":"WebSite","@id":"https:\/\/yemaksantebeaute.com\/#website","url":"https:\/\/yemaksantebeaute.com\/","name":"Yemak Sant\u00e9 Beaut\u00e9","description":"R\u00e9v\u00e9lez votre beaut\u00e9, sublimer votre bien-\u00eatre","publisher":{"@id":"https:\/\/yemaksantebeaute.com\/#organization"},"potentialAction":[{"@type":"SearchAction","target":{"@type":"EntryPoint","urlTemplate":"https:\/\/yemaksantebeaute.com\/?s={search_term_string}"},"query-input":{"@type":"PropertyValueSpecification","valueRequired":true,"valueName":"search_term_string"}}],"inLanguage":"en-US"},{"@type":"Organization","@id":"https:\/\/yemaksantebeaute.com\/#organization","name":"Yemak Sant\u00e9 Beaut\u00e9","url":"https:\/\/yemaksantebeaute.com\/","logo":{"@type":"ImageObject","inLanguage":"en-US","@id":"https:\/\/yemaksantebeaute.com\/#\/schema\/logo\/image\/","url":"https:\/\/yemaksantebeaute.com\/wp-content\/uploads\/2023\/05\/yemak_logo_site_web-1.png","contentUrl":"https:\/\/yemaksantebeaute.com\/wp-content\/uploads\/2023\/05\/yemak_logo_site_web-1.png","width":250,"height":250,"caption":"Yemak Sant\u00e9 Beaut\u00e9"},"image":{"@id":"https:\/\/yemaksantebeaute.com\/#\/schema\/logo\/image\/"}}]}},"_links":{"self":[{"href":"https:\/\/yemaksantebeaute.com\/en\/wp-json\/wp\/v2\/pages\/2635","targetHints":{"allow":["GET"]}}],"collection":[{"href":"https:\/\/yemaksantebeaute.com\/en\/wp-json\/wp\/v2\/pages"}],"about":[{"href":"https:\/\/yemaksantebeaute.com\/en\/wp-json\/wp\/v2\/types\/page"}],"author":[{"embeddable":true,"href":"https:\/\/yemaksantebeaute.com\/en\/wp-json\/wp\/v2\/users\/2"}],"replies":[{"embeddable":true,"href":"https:\/\/yemaksantebeaute.com\/en\/wp-json\/wp\/v2\/comments?post=2635"}],"version-history":[{"count":67,"href":"https:\/\/yemaksantebeaute.com\/en\/wp-json\/wp\/v2\/pages\/2635\/revisions"}],"predecessor-version":[{"id":5764,"href":"https:\/\/yemaksantebeaute.com\/en\/wp-json\/wp\/v2\/pages\/2635\/revisions\/5764"}],"wp:attachment":[{"href":"https:\/\/yemaksantebeaute.com\/en\/wp-json\/wp\/v2\/media?parent=2635"}],"curies":[{"name":"wp","href":"https:\/\/api.w.org\/{rel}","templated":true}]}}