{"id":5792,"date":"2025-07-28T19:20:40","date_gmt":"2025-07-28T19:20:40","guid":{"rendered":"https:\/\/yemaksantebeaute.com\/?page_id=5792"},"modified":"2025-07-28T20:24:52","modified_gmt":"2025-07-28T20:24:52","slug":"engagement-dr-yemissi-adebo","status":"publish","type":"page","link":"https:\/\/yemaksantebeaute.com\/en\/engagement-dr-yemissi-adebo\/","title":{"rendered":"Engagement Dr Yemissi ADEBO"},"content":{"rendered":"<div data-elementor-type=\"wp-page\" data-elementor-id=\"5792\" class=\"elementor elementor-5792\" data-elementor-settings=\"{&quot;ha_cmc_init_switcher&quot;:&quot;no&quot;}\">\n\t\t\t\t<div class=\"elementor-element elementor-element-a2a0b99 e-flex e-con-boxed wpr-particle-no wpr-jarallax-no wpr-parallax-no wpr-sticky-section-no e-con e-parent\" data-id=\"a2a0b99\" data-element_type=\"container\" data-e-type=\"container\" data-settings=\"{&quot;_ha_eqh_enable&quot;:false}\">\n\t\t\t\t\t<div class=\"e-con-inner\">\n\t\t\t\t<div class=\"elementor-element elementor-element-ba2786c elementor-widget elementor-widget-heading\" data-id=\"ba2786c\" data-element_type=\"widget\" data-e-type=\"widget\" data-widget_type=\"heading.default\">\n\t\t\t\t<div class=\"elementor-widget-container\">\n\t\t\t\t\t<h2 class=\"elementor-heading-title elementor-size-default\">Mon engagement est concret :<\/h2>\t\t\t\t<\/div>\n\t\t\t\t<\/div>\n\t\t\t\t<div class=\"elementor-element elementor-element-7fe745c elementor-widget elementor-widget-text-editor\" data-id=\"7fe745c\" data-element_type=\"widget\" data-e-type=\"widget\" data-widget_type=\"text-editor.default\">\n\t\t\t\t<div class=\"elementor-widget-container\">\n\t\t\t\t\t\t\t\t\t<p>\u2022 Je cr\u00e9e des solutions m\u00e9dicales, esth\u00e9tiques et \u00e9ducatives adapt\u00e9es \u00e0 l\u2019environnement de chacun<br>\u2022 Je porte la voix des femmes professionnelles , oubli\u00e9es, en reconversion , qui souhaitent , reprendre le pouvoir sur leur sant\u00e9,leur bien-\u00eatre, leur vie, leur corps .<br>\u2022 Je forme, je transmets, je b\u00e2tis des ponts entre la science, la tradition, l\u2019innovation et la dignit\u00e9 humaine.<br>\u2022 Je crois en l\u2019excellence, mais aussi en la douceur, la bienveillance et la beaut\u00e9 int\u00e9rieure.<br>\u00c0 travers Yemak, je b\u00e2tis\u2026<br>\u2022 Des centres de soins m\u00e9dicaux, des centres m\u00e9dico-esth\u00e9tiques, des centres de bien-\u00eatre , des centres d\u2019\u00e9coute et d\u2019accompagnement humain et technologique.<br>\u2022 Des programmes de formation pour femmes entrepreneures en bien-\u00eatre, en vue de contribuer \u00e0 leur autonomie de fa\u00e7on durable.<br>\u2022 Des communaut\u00e9s solidaires, comme \u00ab Les Rayonnantes \u00bb, o\u00f9 chaque femme peut se reconstruire et briller.<br>Ma mission :<br>-Redonner \u00e0 chacun le droit d\u2019exister pleinement, en bonne sant\u00e9.<br>-Redonner \u00e0 chacun la chance de pr\u00e9venir chaque maladie chronique , \u00e9vitable \u00e0 travers nos habitudes de vie.<br>-Redonner \u00e0 chacun la chance d\u2019acc\u00e9der \u00e0 des soins de qualit\u00e9<br>De leur peau \u00e0 leur poids, de leur bien-\u00eatre, leurs \u00e9motions \u00e0 leur carri\u00e8re.<br>Puis rappeler chaque jour \u00e0 chaque personne, qu\u2019elle poss\u00e8de des valeurs utiles \u00e0 mettre \u00e0 la disposition du monde entier.<\/p>\n<p>Je suis Dr Yemissi ADEBO. Et tant qu\u2019il restera une seule personne souffrant en silence, une femme ignor\u00e9e, une jeune fille d\u00e9valoris\u00e9e, je continuerai d\u2019agir, de parler, de former et de b\u00e2tir.<br>Je crois en une m\u00e9decine humaine, au bien-\u00eatre de tous. Et chaque jour, j\u2019agis pour vous et avec vous.<\/p>\n<p><\/p>\t\t\t\t\t\t\t\t<\/div>\n\t\t\t\t<\/div>\n\t\t\t\t\t<\/div>\n\t\t\t\t<\/div>\n\t\t\t\t<\/div>","protected":false},"excerpt":{"rendered":"<p>Mon engagement est concret : \u2022 Je cr\u00e9e des solutions m\u00e9dicales, esth\u00e9tiques et \u00e9ducatives adapt\u00e9es \u00e0 l\u2019environnement de chacun\u2022 Je porte la voix des femmes professionnelles , oubli\u00e9es, en reconversion , qui souhaitent , reprendre le pouvoir sur leur sant\u00e9,leur bien-\u00eatre, leur vie, leur corps .\u2022 Je forme, je transmets, je b\u00e2tis des ponts entre la science, la tradition, l\u2019innovation et la dignit\u00e9 humaine.\u2022 Je crois en l\u2019excellence, mais aussi en la douceur, la bienveillance et la beaut\u00e9 int\u00e9rieure.\u00c0 travers Yemak, je b\u00e2tis\u2026\u2022 Des centres de soins m\u00e9dicaux, des centres m\u00e9dico-esth\u00e9tiques, des centres de bien-\u00eatre , des centres d\u2019\u00e9coute et d\u2019accompagnement humain et technologique.\u2022 Des programmes de formation pour femmes entrepreneures en bien-\u00eatre, en vue de contribuer \u00e0 leur autonomie de fa\u00e7on durable.\u2022 Des communaut\u00e9s solidaires, comme \u00ab Les Rayonnantes \u00bb, o\u00f9 chaque femme peut se reconstruire et briller.Ma mission :-Redonner \u00e0 chacun le droit d\u2019exister pleinement, en bonne sant\u00e9.-Redonner \u00e0 chacun la chance de pr\u00e9venir chaque maladie chronique , \u00e9vitable \u00e0 travers nos habitudes de vie.-Redonner \u00e0 chacun la chance d\u2019acc\u00e9der \u00e0 des soins de qualit\u00e9De leur peau \u00e0 leur poids, de leur bien-\u00eatre, leurs \u00e9motions \u00e0 leur carri\u00e8re.Puis rappeler chaque jour \u00e0 chaque personne, qu\u2019elle poss\u00e8de des valeurs utiles \u00e0 mettre \u00e0 la disposition du monde entier. Je suis Dr Yemissi ADEBO. Et tant qu\u2019il restera une seule personne souffrant en silence, une femme ignor\u00e9e, une jeune fille d\u00e9valoris\u00e9e, je continuerai d\u2019agir, de parler, de former et de b\u00e2tir.Je crois en une m\u00e9decine humaine, au bien-\u00eatre de tous. Et chaque jour, j\u2019agis pour vous et avec vous.<\/p>","protected":false},"author":11,"featured_media":0,"parent":0,"menu_order":0,"comment_status":"closed","ping_status":"closed","template":"","meta":{"_eb_attr":"","inline_featured_image":false,"_monsterinsights_skip_tracking":false,"_monsterinsights_sitenote_active":false,"_monsterinsights_sitenote_note":"","_monsterinsights_sitenote_category":0,"footnotes":""},"class_list":["post-5792","page","type-page","status-publish","hentry"],"yoast_head":"<!-- This site is optimized with the Yoast SEO plugin v26.9 - https:\/\/yoast.com\/product\/yoast-seo-wordpress\/ -->\n<title>Engagement Dr Yemissi ADEBO - Yemak Sant\u00e9 Beaut\u00e9<\/title>\n<meta name=\"robots\" content=\"index, follow, max-snippet:-1, max-image-preview:large, max-video-preview:-1\" \/>\n<link rel=\"canonical\" href=\"https:\/\/yemaksantebeaute.com\/en\/engagement-dr-yemissi-adebo\/\" \/>\n<meta property=\"og:locale\" content=\"en_US\" \/>\n<meta property=\"og:type\" content=\"article\" \/>\n<meta property=\"og:title\" content=\"Engagement Dr Yemissi ADEBO - Yemak Sant\u00e9 Beaut\u00e9\" \/>\n<meta property=\"og:description\" content=\"Mon engagement est concret : \u2022 Je cr\u00e9e des solutions m\u00e9dicales, esth\u00e9tiques et \u00e9ducatives adapt\u00e9es \u00e0 l\u2019environnement de chacun\u2022 Je porte la voix des femmes professionnelles , oubli\u00e9es, en reconversion , qui souhaitent , reprendre le pouvoir sur leur sant\u00e9,leur bien-\u00eatre, leur vie, leur corps .\u2022 Je forme, je transmets, je b\u00e2tis des ponts entre la science, la tradition, l\u2019innovation et la dignit\u00e9 humaine.\u2022 Je crois en l\u2019excellence, mais aussi en la douceur, la bienveillance et la beaut\u00e9 int\u00e9rieure.\u00c0 travers Yemak, je b\u00e2tis\u2026\u2022 Des centres de soins m\u00e9dicaux, des centres m\u00e9dico-esth\u00e9tiques, des centres de bien-\u00eatre , des centres d\u2019\u00e9coute et d\u2019accompagnement humain et technologique.\u2022 Des programmes de formation pour femmes entrepreneures en bien-\u00eatre, en vue de contribuer \u00e0 leur autonomie de fa\u00e7on durable.\u2022 Des communaut\u00e9s solidaires, comme \u00ab Les Rayonnantes \u00bb, o\u00f9 chaque femme peut se reconstruire et briller.Ma mission :-Redonner \u00e0 chacun le droit d\u2019exister pleinement, en bonne sant\u00e9.-Redonner \u00e0 chacun la chance de pr\u00e9venir chaque maladie chronique , \u00e9vitable \u00e0 travers nos habitudes de vie.-Redonner \u00e0 chacun la chance d\u2019acc\u00e9der \u00e0 des soins de qualit\u00e9De leur peau \u00e0 leur poids, de leur bien-\u00eatre, leurs \u00e9motions \u00e0 leur carri\u00e8re.Puis rappeler chaque jour \u00e0 chaque personne, qu\u2019elle poss\u00e8de des valeurs utiles \u00e0 mettre \u00e0 la disposition du monde entier. Je suis Dr Yemissi ADEBO. Et tant qu\u2019il restera une seule personne souffrant en silence, une femme ignor\u00e9e, une jeune fille d\u00e9valoris\u00e9e, je continuerai d\u2019agir, de parler, de former et de b\u00e2tir.Je crois en une m\u00e9decine humaine, au bien-\u00eatre de tous. Et chaque jour, j\u2019agis pour vous et avec vous.\" \/>\n<meta property=\"og:url\" content=\"https:\/\/yemaksantebeaute.com\/en\/engagement-dr-yemissi-adebo\/\" \/>\n<meta property=\"og:site_name\" content=\"Yemak Sant\u00e9 Beaut\u00e9\" \/>\n<meta property=\"article:modified_time\" content=\"2025-07-28T20:24:52+00:00\" \/>\n<meta name=\"twitter:card\" content=\"summary_large_image\" \/>\n<meta name=\"twitter:label1\" content=\"Est. reading time\" \/>\n\t<meta name=\"twitter:data1\" content=\"1 minute\" \/>\n<script type=\"application\/ld+json\" class=\"yoast-schema-graph\">{\"@context\":\"https:\/\/schema.org\",\"@graph\":[{\"@type\":\"WebPage\",\"@id\":\"https:\/\/yemaksantebeaute.com\/engagement-dr-yemissi-adebo\/\",\"url\":\"https:\/\/yemaksantebeaute.com\/engagement-dr-yemissi-adebo\/\",\"name\":\"Engagement Dr Yemissi ADEBO - Yemak Sant\u00e9 Beaut\u00e9\",\"isPartOf\":{\"@id\":\"https:\/\/yemaksantebeaute.com\/#website\"},\"datePublished\":\"2025-07-28T19:20:40+00:00\",\"dateModified\":\"2025-07-28T20:24:52+00:00\",\"breadcrumb\":{\"@id\":\"https:\/\/yemaksantebeaute.com\/engagement-dr-yemissi-adebo\/#breadcrumb\"},\"inLanguage\":\"en-US\",\"potentialAction\":[{\"@type\":\"ReadAction\",\"target\":[\"https:\/\/yemaksantebeaute.com\/engagement-dr-yemissi-adebo\/\"]}]},{\"@type\":\"BreadcrumbList\",\"@id\":\"https:\/\/yemaksantebeaute.com\/engagement-dr-yemissi-adebo\/#breadcrumb\",\"itemListElement\":[{\"@type\":\"ListItem\",\"position\":1,\"name\":\"Accueil\",\"item\":\"https:\/\/yemaksantebeaute.com\/\"},{\"@type\":\"ListItem\",\"position\":2,\"name\":\"Engagement Dr Yemissi ADEBO\"}]},{\"@type\":\"WebSite\",\"@id\":\"https:\/\/yemaksantebeaute.com\/#website\",\"url\":\"https:\/\/yemaksantebeaute.com\/\",\"name\":\"Yemak Sant\u00e9 Beaut\u00e9\",\"description\":\"R\u00e9v\u00e9lez votre beaut\u00e9, sublimer votre bien-\u00eatre\",\"publisher\":{\"@id\":\"https:\/\/yemaksantebeaute.com\/#organization\"},\"potentialAction\":[{\"@type\":\"SearchAction\",\"target\":{\"@type\":\"EntryPoint\",\"urlTemplate\":\"https:\/\/yemaksantebeaute.com\/?s={search_term_string}\"},\"query-input\":{\"@type\":\"PropertyValueSpecification\",\"valueRequired\":true,\"valueName\":\"search_term_string\"}}],\"inLanguage\":\"en-US\"},{\"@type\":\"Organization\",\"@id\":\"https:\/\/yemaksantebeaute.com\/#organization\",\"name\":\"Yemak Sant\u00e9 Beaut\u00e9\",\"url\":\"https:\/\/yemaksantebeaute.com\/\",\"logo\":{\"@type\":\"ImageObject\",\"inLanguage\":\"en-US\",\"@id\":\"https:\/\/yemaksantebeaute.com\/#\/schema\/logo\/image\/\",\"url\":\"https:\/\/yemaksantebeaute.com\/wp-content\/uploads\/2023\/05\/yemak_logo_site_web-1.png\",\"contentUrl\":\"https:\/\/yemaksantebeaute.com\/wp-content\/uploads\/2023\/05\/yemak_logo_site_web-1.png\",\"width\":250,\"height\":250,\"caption\":\"Yemak Sant\u00e9 Beaut\u00e9\"},\"image\":{\"@id\":\"https:\/\/yemaksantebeaute.com\/#\/schema\/logo\/image\/\"}}]}<\/script>\n<!-- \/ Yoast SEO plugin. -->","yoast_head_json":{"title":"Engagement Dr Yemissi ADEBO - Yemak Sant\u00e9 Beaut\u00e9","robots":{"index":"index","follow":"follow","max-snippet":"max-snippet:-1","max-image-preview":"max-image-preview:large","max-video-preview":"max-video-preview:-1"},"canonical":"https:\/\/yemaksantebeaute.com\/en\/engagement-dr-yemissi-adebo\/","og_locale":"en_US","og_type":"article","og_title":"Engagement Dr Yemissi ADEBO - Yemak Sant\u00e9 Beaut\u00e9","og_description":"Mon engagement est concret : \u2022 Je cr\u00e9e des solutions m\u00e9dicales, esth\u00e9tiques et \u00e9ducatives adapt\u00e9es \u00e0 l\u2019environnement de chacun\u2022 Je porte la voix des femmes professionnelles , oubli\u00e9es, en reconversion , qui souhaitent , reprendre le pouvoir sur leur sant\u00e9,leur bien-\u00eatre, leur vie, leur corps .\u2022 Je forme, je transmets, je b\u00e2tis des ponts entre la science, la tradition, l\u2019innovation et la dignit\u00e9 humaine.\u2022 Je crois en l\u2019excellence, mais aussi en la douceur, la bienveillance et la beaut\u00e9 int\u00e9rieure.\u00c0 travers Yemak, je b\u00e2tis\u2026\u2022 Des centres de soins m\u00e9dicaux, des centres m\u00e9dico-esth\u00e9tiques, des centres de bien-\u00eatre , des centres d\u2019\u00e9coute et d\u2019accompagnement humain et technologique.\u2022 Des programmes de formation pour femmes entrepreneures en bien-\u00eatre, en vue de contribuer \u00e0 leur autonomie de fa\u00e7on durable.\u2022 Des communaut\u00e9s solidaires, comme \u00ab Les Rayonnantes \u00bb, o\u00f9 chaque femme peut se reconstruire et briller.Ma mission :-Redonner \u00e0 chacun le droit d\u2019exister pleinement, en bonne sant\u00e9.-Redonner \u00e0 chacun la chance de pr\u00e9venir chaque maladie chronique , \u00e9vitable \u00e0 travers nos habitudes de vie.-Redonner \u00e0 chacun la chance d\u2019acc\u00e9der \u00e0 des soins de qualit\u00e9De leur peau \u00e0 leur poids, de leur bien-\u00eatre, leurs \u00e9motions \u00e0 leur carri\u00e8re.Puis rappeler chaque jour \u00e0 chaque personne, qu\u2019elle poss\u00e8de des valeurs utiles \u00e0 mettre \u00e0 la disposition du monde entier. Je suis Dr Yemissi ADEBO. Et tant qu\u2019il restera une seule personne souffrant en silence, une femme ignor\u00e9e, une jeune fille d\u00e9valoris\u00e9e, je continuerai d\u2019agir, de parler, de former et de b\u00e2tir.Je crois en une m\u00e9decine humaine, au bien-\u00eatre de tous. Et chaque jour, j\u2019agis pour vous et avec vous.","og_url":"https:\/\/yemaksantebeaute.com\/en\/engagement-dr-yemissi-adebo\/","og_site_name":"Yemak Sant\u00e9 Beaut\u00e9","article_modified_time":"2025-07-28T20:24:52+00:00","twitter_card":"summary_large_image","twitter_misc":{"Est. reading time":"1 minute"},"schema":{"@context":"https:\/\/schema.org","@graph":[{"@type":"WebPage","@id":"https:\/\/yemaksantebeaute.com\/engagement-dr-yemissi-adebo\/","url":"https:\/\/yemaksantebeaute.com\/engagement-dr-yemissi-adebo\/","name":"Engagement Dr Yemissi ADEBO - Yemak Sant\u00e9 Beaut\u00e9","isPartOf":{"@id":"https:\/\/yemaksantebeaute.com\/#website"},"datePublished":"2025-07-28T19:20:40+00:00","dateModified":"2025-07-28T20:24:52+00:00","breadcrumb":{"@id":"https:\/\/yemaksantebeaute.com\/engagement-dr-yemissi-adebo\/#breadcrumb"},"inLanguage":"en-US","potentialAction":[{"@type":"ReadAction","target":["https:\/\/yemaksantebeaute.com\/engagement-dr-yemissi-adebo\/"]}]},{"@type":"BreadcrumbList","@id":"https:\/\/yemaksantebeaute.com\/engagement-dr-yemissi-adebo\/#breadcrumb","itemListElement":[{"@type":"ListItem","position":1,"name":"Accueil","item":"https:\/\/yemaksantebeaute.com\/"},{"@type":"ListItem","position":2,"name":"Engagement Dr Yemissi ADEBO"}]},{"@type":"WebSite","@id":"https:\/\/yemaksantebeaute.com\/#website","url":"https:\/\/yemaksantebeaute.com\/","name":"Yemak Sant\u00e9 Beaut\u00e9","description":"R\u00e9v\u00e9lez votre beaut\u00e9, sublimer votre bien-\u00eatre","publisher":{"@id":"https:\/\/yemaksantebeaute.com\/#organization"},"potentialAction":[{"@type":"SearchAction","target":{"@type":"EntryPoint","urlTemplate":"https:\/\/yemaksantebeaute.com\/?s={search_term_string}"},"query-input":{"@type":"PropertyValueSpecification","valueRequired":true,"valueName":"search_term_string"}}],"inLanguage":"en-US"},{"@type":"Organization","@id":"https:\/\/yemaksantebeaute.com\/#organization","name":"Yemak Sant\u00e9 Beaut\u00e9","url":"https:\/\/yemaksantebeaute.com\/","logo":{"@type":"ImageObject","inLanguage":"en-US","@id":"https:\/\/yemaksantebeaute.com\/#\/schema\/logo\/image\/","url":"https:\/\/yemaksantebeaute.com\/wp-content\/uploads\/2023\/05\/yemak_logo_site_web-1.png","contentUrl":"https:\/\/yemaksantebeaute.com\/wp-content\/uploads\/2023\/05\/yemak_logo_site_web-1.png","width":250,"height":250,"caption":"Yemak Sant\u00e9 Beaut\u00e9"},"image":{"@id":"https:\/\/yemaksantebeaute.com\/#\/schema\/logo\/image\/"}}]}},"_links":{"self":[{"href":"https:\/\/yemaksantebeaute.com\/en\/wp-json\/wp\/v2\/pages\/5792","targetHints":{"allow":["GET"]}}],"collection":[{"href":"https:\/\/yemaksantebeaute.com\/en\/wp-json\/wp\/v2\/pages"}],"about":[{"href":"https:\/\/yemaksantebeaute.com\/en\/wp-json\/wp\/v2\/types\/page"}],"author":[{"embeddable":true,"href":"https:\/\/yemaksantebeaute.com\/en\/wp-json\/wp\/v2\/users\/11"}],"replies":[{"embeddable":true,"href":"https:\/\/yemaksantebeaute.com\/en\/wp-json\/wp\/v2\/comments?post=5792"}],"version-history":[{"count":13,"href":"https:\/\/yemaksantebeaute.com\/en\/wp-json\/wp\/v2\/pages\/5792\/revisions"}],"predecessor-version":[{"id":5816,"href":"https:\/\/yemaksantebeaute.com\/en\/wp-json\/wp\/v2\/pages\/5792\/revisions\/5816"}],"wp:attachment":[{"href":"https:\/\/yemaksantebeaute.com\/en\/wp-json\/wp\/v2\/media?parent=5792"}],"curies":[{"name":"wp","href":"https:\/\/api.w.org\/{rel}","templated":true}]}}