{"id":2310,"date":"2023-01-14T15:40:06","date_gmt":"2023-01-14T15:40:06","guid":{"rendered":"https:\/\/yemaksantebeaute.com\/?post_type=product&#038;p=2310"},"modified":"2023-01-14T15:40:07","modified_gmt":"2023-01-14T15:40:07","slug":"soins-ventre-plat-cryolipolyse-et-bodyminciflash","status":"publish","type":"product","link":"https:\/\/yemaksantebeaute.com\/en\/product\/soins-ventre-plat-cryolipolyse-et-bodyminciflash\/","title":{"rendered":"Soins ventre plat : cryolipolyse et bodyminciflash"},"content":{"rendered":"<p>Pour vous permettre d&rsquo;avoir un ventre plat et une belle silhouette, nous mettons \u00e0 votre disposition la cryolipolyse et le soin body minci flash. Deux soins scientifiquement prouv\u00e9s efficaces pour \u00e9liminer les cellules graisseuses r\u00e9sistantes dans les diff\u00e9rentes parties du corps tels que le ventre, les hanches, les cuisses etc&#8230;<\/p>\n<p>La cryolipolyse :<\/p>\n<p>Le soin body minci flash :<\/p>","protected":false},"excerpt":{"rendered":"<p>Pour vous permettre d&rsquo;avoir un ventre plat et une belle silhouette, nous mettons \u00e0 votre disposition la cryolipolyse et le soin body minci flash. Deux soins scientifiquement prouv\u00e9s efficaces pour \u00e9liminer les cellules graisseuses r\u00e9sistantes dans les diff\u00e9rentes parties du corps tels que le ventre, les hanches, les cuisses etc&#8230; La cryolipolyse : Le soin body minci flash :<\/p>","protected":false},"featured_media":0,"comment_status":"open","ping_status":"closed","template":"","meta":{"_eb_attr":"","inline_featured_image":false,"_monsterinsights_skip_tracking":false,"_monsterinsights_sitenote_active":false,"_monsterinsights_sitenote_note":"","_monsterinsights_sitenote_category":0},"product_brand":[],"product_cat":[82],"product_tag":[],"class_list":{"0":"post-2310","1":"product","2":"type-product","3":"status-publish","5":"product_cat-non-classe","7":"first","8":"instock","9":"shipping-taxable","10":"product-type-simple"},"yoast_head":"<!-- This site is optimized with the Yoast SEO plugin v26.9 - https:\/\/yoast.com\/product\/yoast-seo-wordpress\/ -->\n<title>Soins ventre plat : cryolipolyse et bodyminciflash<\/title>\n<meta name=\"description\" content=\"Les meilleurs soins ventre plat sont disponibles dans votre institut de beaut\u00e9 \u00e0 Brazzaville. Venez b\u00e9n\u00e9ficiez des meilleurs soins.\" \/>\n<meta name=\"robots\" content=\"index, follow, max-snippet:-1, max-image-preview:large, max-video-preview:-1\" \/>\n<link rel=\"canonical\" href=\"https:\/\/yemaksantebeaute.com\/en\/product\/soins-ventre-plat-cryolipolyse-et-bodyminciflash\/\" \/>\n<meta property=\"og:locale\" content=\"en_US\" \/>\n<meta property=\"og:type\" content=\"article\" \/>\n<meta property=\"og:title\" content=\"Soins ventre plat : cryolipolyse et bodyminciflash\" \/>\n<meta property=\"og:description\" content=\"Les meilleurs soins ventre plat sont disponibles dans votre institut de beaut\u00e9 \u00e0 Brazzaville. Venez b\u00e9n\u00e9ficiez des meilleurs soins.\" \/>\n<meta property=\"og:url\" content=\"https:\/\/yemaksantebeaute.com\/en\/product\/soins-ventre-plat-cryolipolyse-et-bodyminciflash\/\" \/>\n<meta property=\"og:site_name\" content=\"Yemak Sant\u00e9 Beaut\u00e9\" \/>\n<meta property=\"article:modified_time\" content=\"2023-01-14T15:40:07+00:00\" \/>\n<meta name=\"twitter:card\" content=\"summary_large_image\" \/>\n<script type=\"application\/ld+json\" class=\"yoast-schema-graph\">{\"@context\":\"https:\/\/schema.org\",\"@graph\":[{\"@type\":\"WebPage\",\"@id\":\"https:\/\/yemaksantebeaute.com\/produit\/soins-ventre-plat-cryolipolyse-et-bodyminciflash\/\",\"url\":\"https:\/\/yemaksantebeaute.com\/produit\/soins-ventre-plat-cryolipolyse-et-bodyminciflash\/\",\"name\":\"Soins ventre plat : cryolipolyse et bodyminciflash\",\"isPartOf\":{\"@id\":\"https:\/\/yemaksantebeaute.com\/#website\"},\"datePublished\":\"2023-01-14T15:40:06+00:00\",\"dateModified\":\"2023-01-14T15:40:07+00:00\",\"description\":\"Les meilleurs soins ventre plat sont disponibles dans votre institut de beaut\u00e9 \u00e0 Brazzaville. Venez b\u00e9n\u00e9ficiez des meilleurs soins.\",\"breadcrumb\":{\"@id\":\"https:\/\/yemaksantebeaute.com\/produit\/soins-ventre-plat-cryolipolyse-et-bodyminciflash\/#breadcrumb\"},\"inLanguage\":\"en-US\",\"potentialAction\":[{\"@type\":\"ReadAction\",\"target\":[\"https:\/\/yemaksantebeaute.com\/produit\/soins-ventre-plat-cryolipolyse-et-bodyminciflash\/\"]}]},{\"@type\":\"BreadcrumbList\",\"@id\":\"https:\/\/yemaksantebeaute.com\/produit\/soins-ventre-plat-cryolipolyse-et-bodyminciflash\/#breadcrumb\",\"itemListElement\":[{\"@type\":\"ListItem\",\"position\":1,\"name\":\"Accueil\",\"item\":\"https:\/\/yemaksantebeaute.com\/\"},{\"@type\":\"ListItem\",\"position\":2,\"name\":\"Soins ventre plat : cryolipolyse et bodyminciflash\"}]},{\"@type\":\"WebSite\",\"@id\":\"https:\/\/yemaksantebeaute.com\/#website\",\"url\":\"https:\/\/yemaksantebeaute.com\/\",\"name\":\"Yemak Sant\u00e9 Beaut\u00e9\",\"description\":\"R\u00e9v\u00e9lez votre beaut\u00e9, sublimer votre bien-\u00eatre\",\"publisher\":{\"@id\":\"https:\/\/yemaksantebeaute.com\/#organization\"},\"potentialAction\":[{\"@type\":\"SearchAction\",\"target\":{\"@type\":\"EntryPoint\",\"urlTemplate\":\"https:\/\/yemaksantebeaute.com\/?s={search_term_string}\"},\"query-input\":{\"@type\":\"PropertyValueSpecification\",\"valueRequired\":true,\"valueName\":\"search_term_string\"}}],\"inLanguage\":\"en-US\"},{\"@type\":\"Organization\",\"@id\":\"https:\/\/yemaksantebeaute.com\/#organization\",\"name\":\"Yemak Sant\u00e9 Beaut\u00e9\",\"url\":\"https:\/\/yemaksantebeaute.com\/\",\"logo\":{\"@type\":\"ImageObject\",\"inLanguage\":\"en-US\",\"@id\":\"https:\/\/yemaksantebeaute.com\/#\/schema\/logo\/image\/\",\"url\":\"https:\/\/yemaksantebeaute.com\/wp-content\/uploads\/2023\/05\/yemak_logo_site_web-1.png\",\"contentUrl\":\"https:\/\/yemaksantebeaute.com\/wp-content\/uploads\/2023\/05\/yemak_logo_site_web-1.png\",\"width\":250,\"height\":250,\"caption\":\"Yemak Sant\u00e9 Beaut\u00e9\"},\"image\":{\"@id\":\"https:\/\/yemaksantebeaute.com\/#\/schema\/logo\/image\/\"}}]}<\/script>\n<!-- \/ Yoast SEO plugin. -->","yoast_head_json":{"title":"Soins ventre plat : cryolipolyse et bodyminciflash","description":"Les meilleurs soins ventre plat sont disponibles dans votre institut de beaut\u00e9 \u00e0 Brazzaville. Venez b\u00e9n\u00e9ficiez des meilleurs soins.","robots":{"index":"index","follow":"follow","max-snippet":"max-snippet:-1","max-image-preview":"max-image-preview:large","max-video-preview":"max-video-preview:-1"},"canonical":"https:\/\/yemaksantebeaute.com\/en\/product\/soins-ventre-plat-cryolipolyse-et-bodyminciflash\/","og_locale":"en_US","og_type":"article","og_title":"Soins ventre plat : cryolipolyse et bodyminciflash","og_description":"Les meilleurs soins ventre plat sont disponibles dans votre institut de beaut\u00e9 \u00e0 Brazzaville. Venez b\u00e9n\u00e9ficiez des meilleurs soins.","og_url":"https:\/\/yemaksantebeaute.com\/en\/product\/soins-ventre-plat-cryolipolyse-et-bodyminciflash\/","og_site_name":"Yemak Sant\u00e9 Beaut\u00e9","article_modified_time":"2023-01-14T15:40:07+00:00","twitter_card":"summary_large_image","schema":{"@context":"https:\/\/schema.org","@graph":[{"@type":"WebPage","@id":"https:\/\/yemaksantebeaute.com\/produit\/soins-ventre-plat-cryolipolyse-et-bodyminciflash\/","url":"https:\/\/yemaksantebeaute.com\/produit\/soins-ventre-plat-cryolipolyse-et-bodyminciflash\/","name":"Soins ventre plat : cryolipolyse et bodyminciflash","isPartOf":{"@id":"https:\/\/yemaksantebeaute.com\/#website"},"datePublished":"2023-01-14T15:40:06+00:00","dateModified":"2023-01-14T15:40:07+00:00","description":"Les meilleurs soins ventre plat sont disponibles dans votre institut de beaut\u00e9 \u00e0 Brazzaville. Venez b\u00e9n\u00e9ficiez des meilleurs soins.","breadcrumb":{"@id":"https:\/\/yemaksantebeaute.com\/produit\/soins-ventre-plat-cryolipolyse-et-bodyminciflash\/#breadcrumb"},"inLanguage":"en-US","potentialAction":[{"@type":"ReadAction","target":["https:\/\/yemaksantebeaute.com\/produit\/soins-ventre-plat-cryolipolyse-et-bodyminciflash\/"]}]},{"@type":"BreadcrumbList","@id":"https:\/\/yemaksantebeaute.com\/produit\/soins-ventre-plat-cryolipolyse-et-bodyminciflash\/#breadcrumb","itemListElement":[{"@type":"ListItem","position":1,"name":"Accueil","item":"https:\/\/yemaksantebeaute.com\/"},{"@type":"ListItem","position":2,"name":"Soins ventre plat : cryolipolyse et bodyminciflash"}]},{"@type":"WebSite","@id":"https:\/\/yemaksantebeaute.com\/#website","url":"https:\/\/yemaksantebeaute.com\/","name":"Yemak Sant\u00e9 Beaut\u00e9","description":"R\u00e9v\u00e9lez votre beaut\u00e9, sublimer votre bien-\u00eatre","publisher":{"@id":"https:\/\/yemaksantebeaute.com\/#organization"},"potentialAction":[{"@type":"SearchAction","target":{"@type":"EntryPoint","urlTemplate":"https:\/\/yemaksantebeaute.com\/?s={search_term_string}"},"query-input":{"@type":"PropertyValueSpecification","valueRequired":true,"valueName":"search_term_string"}}],"inLanguage":"en-US"},{"@type":"Organization","@id":"https:\/\/yemaksantebeaute.com\/#organization","name":"Yemak Sant\u00e9 Beaut\u00e9","url":"https:\/\/yemaksantebeaute.com\/","logo":{"@type":"ImageObject","inLanguage":"en-US","@id":"https:\/\/yemaksantebeaute.com\/#\/schema\/logo\/image\/","url":"https:\/\/yemaksantebeaute.com\/wp-content\/uploads\/2023\/05\/yemak_logo_site_web-1.png","contentUrl":"https:\/\/yemaksantebeaute.com\/wp-content\/uploads\/2023\/05\/yemak_logo_site_web-1.png","width":250,"height":250,"caption":"Yemak Sant\u00e9 Beaut\u00e9"},"image":{"@id":"https:\/\/yemaksantebeaute.com\/#\/schema\/logo\/image\/"}}]}},"_links":{"self":[{"href":"https:\/\/yemaksantebeaute.com\/en\/wp-json\/wp\/v2\/product\/2310","targetHints":{"allow":["GET"]}}],"collection":[{"href":"https:\/\/yemaksantebeaute.com\/en\/wp-json\/wp\/v2\/product"}],"about":[{"href":"https:\/\/yemaksantebeaute.com\/en\/wp-json\/wp\/v2\/types\/product"}],"replies":[{"embeddable":true,"href":"https:\/\/yemaksantebeaute.com\/en\/wp-json\/wp\/v2\/comments?post=2310"}],"wp:attachment":[{"href":"https:\/\/yemaksantebeaute.com\/en\/wp-json\/wp\/v2\/media?parent=2310"}],"wp:term":[{"taxonomy":"product_brand","embeddable":true,"href":"https:\/\/yemaksantebeaute.com\/en\/wp-json\/wp\/v2\/product_brand?post=2310"},{"taxonomy":"product_cat","embeddable":true,"href":"https:\/\/yemaksantebeaute.com\/en\/wp-json\/wp\/v2\/product_cat?post=2310"},{"taxonomy":"product_tag","embeddable":true,"href":"https:\/\/yemaksantebeaute.com\/en\/wp-json\/wp\/v2\/product_tag?post=2310"}],"curies":[{"name":"wp","href":"https:\/\/api.w.org\/{rel}","templated":true}]}}