{"id":2311,"date":"2023-01-14T15:43:59","date_gmt":"2023-01-14T15:43:59","guid":{"rendered":"https:\/\/yemaksantebeaute.com\/?post_type=product&#038;p=2311"},"modified":"2023-01-14T15:43:59","modified_gmt":"2023-01-14T15:43:59","slug":"bilan-minceur","status":"publish","type":"product","link":"https:\/\/yemaksantebeaute.com\/en\/product\/bilan-minceur\/","title":{"rendered":"Slimming assessment"},"content":{"rendered":"<p>To achieve your weight loss and figure reshaping goals, it all starts with a SLIMMING AND NUTRITIONAL ASSESSMENT. The slimming and nutritional assessment allows you to take stock, confirm the excess weight and identify the causes to develop the weight loss protocol best suited to your body.<\/p>","protected":false},"excerpt":{"rendered":"<p>To achieve your weight loss and figure reshaping goals, it all starts with a SLIMMING AND NUTRITIONAL ASSESSMENT. The slimming and nutritional assessment allows you to take stock, confirm the excess weight and identify the causes to develop the weight loss protocol best suited to your body.<\/p>","protected":false},"featured_media":0,"comment_status":"open","ping_status":"closed","template":"","meta":{"_eb_attr":"","inline_featured_image":false,"_monsterinsights_skip_tracking":false,"_monsterinsights_sitenote_active":false,"_monsterinsights_sitenote_note":"","_monsterinsights_sitenote_category":0},"product_brand":[],"product_cat":[82],"product_tag":[],"class_list":{"0":"post-2311","1":"product","2":"type-product","3":"status-publish","5":"product_cat-non-classe","7":"first","8":"instock","9":"shipping-taxable","10":"product-type-simple"},"yoast_head":"<!-- This site is optimized with the Yoast SEO plugin v26.9 - https:\/\/yoast.com\/product\/yoast-seo-wordpress\/ -->\n<title>Bilan minceur - Yemak Sant\u00e9 Beaut\u00e9<\/title>\n<meta name=\"description\" content=\"Le bilan minceur et nutritionnel permet de faire le point, confirmer le surpoids et identifier les causes pour \u00e9laborer le protocole de perte de poids..\" \/>\n<meta name=\"robots\" content=\"index, follow, max-snippet:-1, max-image-preview:large, max-video-preview:-1\" \/>\n<link rel=\"canonical\" href=\"https:\/\/yemaksantebeaute.com\/en\/product\/bilan-minceur\/\" \/>\n<meta property=\"og:locale\" content=\"en_US\" \/>\n<meta property=\"og:type\" content=\"article\" \/>\n<meta property=\"og:title\" content=\"Bilan minceur - Yemak Sant\u00e9 Beaut\u00e9\" \/>\n<meta property=\"og:description\" content=\"Le bilan minceur et nutritionnel permet de faire le point, confirmer le surpoids et identifier les causes pour \u00e9laborer le protocole de perte de poids..\" \/>\n<meta property=\"og:url\" content=\"https:\/\/yemaksantebeaute.com\/en\/product\/bilan-minceur\/\" \/>\n<meta property=\"og:site_name\" content=\"Yemak Sant\u00e9 Beaut\u00e9\" \/>\n<meta name=\"twitter:card\" content=\"summary_large_image\" \/>\n<script type=\"application\/ld+json\" class=\"yoast-schema-graph\">{\"@context\":\"https:\/\/schema.org\",\"@graph\":[{\"@type\":\"WebPage\",\"@id\":\"https:\/\/yemaksantebeaute.com\/produit\/bilan-minceur\/\",\"url\":\"https:\/\/yemaksantebeaute.com\/produit\/bilan-minceur\/\",\"name\":\"Bilan minceur - Yemak Sant\u00e9 Beaut\u00e9\",\"isPartOf\":{\"@id\":\"https:\/\/yemaksantebeaute.com\/#website\"},\"datePublished\":\"2023-01-14T15:43:59+00:00\",\"description\":\"Le bilan minceur et nutritionnel permet de faire le point, confirmer le surpoids et identifier les causes pour \u00e9laborer le protocole de perte de poids..\",\"breadcrumb\":{\"@id\":\"https:\/\/yemaksantebeaute.com\/produit\/bilan-minceur\/#breadcrumb\"},\"inLanguage\":\"en-US\",\"potentialAction\":[{\"@type\":\"ReadAction\",\"target\":[\"https:\/\/yemaksantebeaute.com\/produit\/bilan-minceur\/\"]}]},{\"@type\":\"BreadcrumbList\",\"@id\":\"https:\/\/yemaksantebeaute.com\/produit\/bilan-minceur\/#breadcrumb\",\"itemListElement\":[{\"@type\":\"ListItem\",\"position\":1,\"name\":\"Accueil\",\"item\":\"https:\/\/yemaksantebeaute.com\/\"},{\"@type\":\"ListItem\",\"position\":2,\"name\":\"Bilan minceur\"}]},{\"@type\":\"WebSite\",\"@id\":\"https:\/\/yemaksantebeaute.com\/#website\",\"url\":\"https:\/\/yemaksantebeaute.com\/\",\"name\":\"Yemak Sant\u00e9 Beaut\u00e9\",\"description\":\"R\u00e9v\u00e9lez votre beaut\u00e9, sublimer votre bien-\u00eatre\",\"publisher\":{\"@id\":\"https:\/\/yemaksantebeaute.com\/#organization\"},\"potentialAction\":[{\"@type\":\"SearchAction\",\"target\":{\"@type\":\"EntryPoint\",\"urlTemplate\":\"https:\/\/yemaksantebeaute.com\/?s={search_term_string}\"},\"query-input\":{\"@type\":\"PropertyValueSpecification\",\"valueRequired\":true,\"valueName\":\"search_term_string\"}}],\"inLanguage\":\"en-US\"},{\"@type\":\"Organization\",\"@id\":\"https:\/\/yemaksantebeaute.com\/#organization\",\"name\":\"Yemak Sant\u00e9 Beaut\u00e9\",\"url\":\"https:\/\/yemaksantebeaute.com\/\",\"logo\":{\"@type\":\"ImageObject\",\"inLanguage\":\"en-US\",\"@id\":\"https:\/\/yemaksantebeaute.com\/#\/schema\/logo\/image\/\",\"url\":\"https:\/\/yemaksantebeaute.com\/wp-content\/uploads\/2023\/05\/yemak_logo_site_web-1.png\",\"contentUrl\":\"https:\/\/yemaksantebeaute.com\/wp-content\/uploads\/2023\/05\/yemak_logo_site_web-1.png\",\"width\":250,\"height\":250,\"caption\":\"Yemak Sant\u00e9 Beaut\u00e9\"},\"image\":{\"@id\":\"https:\/\/yemaksantebeaute.com\/#\/schema\/logo\/image\/\"}}]}<\/script>\n<!-- \/ Yoast SEO plugin. -->","yoast_head_json":{"title":"Slimming assessment - Yemak Health Beauty","description":"Le bilan minceur et nutritionnel permet de faire le point, confirmer le surpoids et identifier les causes pour \u00e9laborer le protocole de perte de poids..","robots":{"index":"index","follow":"follow","max-snippet":"max-snippet:-1","max-image-preview":"max-image-preview:large","max-video-preview":"max-video-preview:-1"},"canonical":"https:\/\/yemaksantebeaute.com\/en\/product\/bilan-minceur\/","og_locale":"en_US","og_type":"article","og_title":"Bilan minceur - Yemak Sant\u00e9 Beaut\u00e9","og_description":"Le bilan minceur et nutritionnel permet de faire le point, confirmer le surpoids et identifier les causes pour \u00e9laborer le protocole de perte de poids..","og_url":"https:\/\/yemaksantebeaute.com\/en\/product\/bilan-minceur\/","og_site_name":"Yemak Sant\u00e9 Beaut\u00e9","twitter_card":"summary_large_image","schema":{"@context":"https:\/\/schema.org","@graph":[{"@type":"WebPage","@id":"https:\/\/yemaksantebeaute.com\/produit\/bilan-minceur\/","url":"https:\/\/yemaksantebeaute.com\/produit\/bilan-minceur\/","name":"Slimming assessment - Yemak Health Beauty","isPartOf":{"@id":"https:\/\/yemaksantebeaute.com\/#website"},"datePublished":"2023-01-14T15:43:59+00:00","description":"Le bilan minceur et nutritionnel permet de faire le point, confirmer le surpoids et identifier les causes pour \u00e9laborer le protocole de perte de poids..","breadcrumb":{"@id":"https:\/\/yemaksantebeaute.com\/produit\/bilan-minceur\/#breadcrumb"},"inLanguage":"en-US","potentialAction":[{"@type":"ReadAction","target":["https:\/\/yemaksantebeaute.com\/produit\/bilan-minceur\/"]}]},{"@type":"BreadcrumbList","@id":"https:\/\/yemaksantebeaute.com\/produit\/bilan-minceur\/#breadcrumb","itemListElement":[{"@type":"ListItem","position":1,"name":"Accueil","item":"https:\/\/yemaksantebeaute.com\/"},{"@type":"ListItem","position":2,"name":"Bilan minceur"}]},{"@type":"WebSite","@id":"https:\/\/yemaksantebeaute.com\/#website","url":"https:\/\/yemaksantebeaute.com\/","name":"Yemak Sant\u00e9 Beaut\u00e9","description":"R\u00e9v\u00e9lez votre beaut\u00e9, sublimer votre bien-\u00eatre","publisher":{"@id":"https:\/\/yemaksantebeaute.com\/#organization"},"potentialAction":[{"@type":"SearchAction","target":{"@type":"EntryPoint","urlTemplate":"https:\/\/yemaksantebeaute.com\/?s={search_term_string}"},"query-input":{"@type":"PropertyValueSpecification","valueRequired":true,"valueName":"search_term_string"}}],"inLanguage":"en-US"},{"@type":"Organization","@id":"https:\/\/yemaksantebeaute.com\/#organization","name":"Yemak Sant\u00e9 Beaut\u00e9","url":"https:\/\/yemaksantebeaute.com\/","logo":{"@type":"ImageObject","inLanguage":"en-US","@id":"https:\/\/yemaksantebeaute.com\/#\/schema\/logo\/image\/","url":"https:\/\/yemaksantebeaute.com\/wp-content\/uploads\/2023\/05\/yemak_logo_site_web-1.png","contentUrl":"https:\/\/yemaksantebeaute.com\/wp-content\/uploads\/2023\/05\/yemak_logo_site_web-1.png","width":250,"height":250,"caption":"Yemak Sant\u00e9 Beaut\u00e9"},"image":{"@id":"https:\/\/yemaksantebeaute.com\/#\/schema\/logo\/image\/"}}]}},"_links":{"self":[{"href":"https:\/\/yemaksantebeaute.com\/en\/wp-json\/wp\/v2\/product\/2311","targetHints":{"allow":["GET"]}}],"collection":[{"href":"https:\/\/yemaksantebeaute.com\/en\/wp-json\/wp\/v2\/product"}],"about":[{"href":"https:\/\/yemaksantebeaute.com\/en\/wp-json\/wp\/v2\/types\/product"}],"replies":[{"embeddable":true,"href":"https:\/\/yemaksantebeaute.com\/en\/wp-json\/wp\/v2\/comments?post=2311"}],"wp:attachment":[{"href":"https:\/\/yemaksantebeaute.com\/en\/wp-json\/wp\/v2\/media?parent=2311"}],"wp:term":[{"taxonomy":"product_brand","embeddable":true,"href":"https:\/\/yemaksantebeaute.com\/en\/wp-json\/wp\/v2\/product_brand?post=2311"},{"taxonomy":"product_cat","embeddable":true,"href":"https:\/\/yemaksantebeaute.com\/en\/wp-json\/wp\/v2\/product_cat?post=2311"},{"taxonomy":"product_tag","embeddable":true,"href":"https:\/\/yemaksantebeaute.com\/en\/wp-json\/wp\/v2\/product_tag?post=2311"}],"curies":[{"name":"wp","href":"https:\/\/api.w.org\/{rel}","templated":true}]}}