{"id":3884,"date":"2025-01-27T13:22:12","date_gmt":"2025-01-27T13:22:12","guid":{"rendered":"https:\/\/yemaksantebeaute.com\/?post_type=product&#038;p=3884"},"modified":"2025-01-27T13:24:40","modified_gmt":"2025-01-27T13:24:40","slug":"technologies-pour-les-soins-de-la-peau","status":"publish","type":"product","link":"https:\/\/yemaksantebeaute.com\/en\/product\/technologies-pour-les-soins-de-la-peau\/","title":{"rendered":"Skin Care Technologies"},"content":{"rendered":"<p><img fetchpriority=\"high\" decoding=\"async\" class=\"alignnone size-medium wp-image-3719\" src=\"https:\/\/yemaksantebeaute.com\/wp-content\/uploads\/2025\/01\/img2-300x225.png\" alt=\"\" width=\"300\" height=\"225\" srcset=\"https:\/\/yemaksantebeaute.com\/wp-content\/uploads\/2025\/01\/img2-300x225.png 300w, https:\/\/yemaksantebeaute.com\/wp-content\/uploads\/2025\/01\/img2-768x576.png 768w, https:\/\/yemaksantebeaute.com\/wp-content\/uploads\/2025\/01\/img2-600x450.png 600w, https:\/\/yemaksantebeaute.com\/wp-content\/uploads\/2025\/01\/img2.png 1024w\" sizes=\"(max-width: 300px) 100vw, 300px\" \/><\/p>\n<p><strong>Objective:<\/strong> Am\u00e9liorer la qualit\u00e9, la sant\u00e9 et l&rsquo;apparence de la peau.<\/p>\n<ul>\n<li><strong>Dermatological laser:<\/strong> Treatments for scars, pigment spots, permanent hair removal.<\/li>\n<li><strong>Radio frequency:<\/strong> Skin rejuvenation and wrinkle reduction.<\/li>\n<li><strong>Microneedling :<\/strong> Collagen stimulation for smooth skin.<\/li>\n<li><strong>Therapeutic LED:<\/strong> Traitement de l&rsquo;acn\u00e9 et am\u00e9lioration de l&rsquo;\u00e9clat.<\/li>\n<li><strong>Advanced Chemical Peels:<\/strong> For deep exfoliation.<\/li>\n<\/ul>","protected":false},"excerpt":{"rendered":"<p>Objectif : Am\u00e9liorer la qualit\u00e9, la sant\u00e9 et l&rsquo;apparence de la peau. Laser dermatologique : Traitements pour cicatrices, taches pigmentaires, \u00e9pilation permanente. Radiofr\u00e9quence : Rajeunissement cutan\u00e9 et r\u00e9duction des rides. Microneedling : Stimulation du collag\u00e8ne pour une peau lisse. LED th\u00e9rapeutique : Traitement de l&rsquo;acn\u00e9 et am\u00e9lioration de l&rsquo;\u00e9clat. Peelings chimiques avanc\u00e9s : Pour une exfoliation profonde.<\/p>","protected":false},"featured_media":3719,"comment_status":"open","ping_status":"closed","template":"","meta":{"_eb_attr":"","inline_featured_image":false,"_monsterinsights_skip_tracking":false,"_monsterinsights_sitenote_active":false,"_monsterinsights_sitenote_note":"","_monsterinsights_sitenote_category":0},"product_brand":[],"product_cat":[82],"product_tag":[],"class_list":{"0":"post-3884","1":"product","2":"type-product","3":"status-publish","4":"has-post-thumbnail","6":"product_cat-non-classe","8":"first","9":"instock","10":"shipping-taxable","11":"product-type-simple"},"yoast_head":"<!-- This site is optimized with the Yoast SEO plugin v26.9 - https:\/\/yoast.com\/product\/yoast-seo-wordpress\/ -->\n<title>Technologies pour les Soins de la Peau - Yemak Sant\u00e9 Beaut\u00e9<\/title>\n<meta name=\"robots\" content=\"index, follow, max-snippet:-1, max-image-preview:large, max-video-preview:-1\" \/>\n<link rel=\"canonical\" href=\"https:\/\/yemaksantebeaute.com\/en\/product\/technologies-pour-les-soins-de-la-peau\/\" \/>\n<meta property=\"og:locale\" content=\"en_US\" \/>\n<meta property=\"og:type\" content=\"article\" \/>\n<meta property=\"og:title\" content=\"Technologies pour les Soins de la Peau - Yemak Sant\u00e9 Beaut\u00e9\" \/>\n<meta property=\"og:description\" content=\"Objectif : Am\u00e9liorer la qualit\u00e9, la sant\u00e9 et l&rsquo;apparence de la peau. Laser dermatologique : Traitements pour cicatrices, taches pigmentaires, \u00e9pilation permanente. Radiofr\u00e9quence : Rajeunissement cutan\u00e9 et r\u00e9duction des rides. Microneedling : Stimulation du collag\u00e8ne pour une peau lisse. LED th\u00e9rapeutique : Traitement de l&rsquo;acn\u00e9 et am\u00e9lioration de l&rsquo;\u00e9clat. Peelings chimiques avanc\u00e9s : Pour une exfoliation profonde.\" \/>\n<meta property=\"og:url\" content=\"https:\/\/yemaksantebeaute.com\/en\/product\/technologies-pour-les-soins-de-la-peau\/\" \/>\n<meta property=\"og:site_name\" content=\"Yemak Sant\u00e9 Beaut\u00e9\" \/>\n<meta property=\"article:modified_time\" content=\"2025-01-27T13:24:40+00:00\" \/>\n<meta property=\"og:image\" content=\"https:\/\/yemaksantebeaute.com\/wp-content\/uploads\/2025\/01\/img2.png\" \/>\n\t<meta property=\"og:image:width\" content=\"1024\" \/>\n\t<meta property=\"og:image:height\" content=\"768\" \/>\n\t<meta property=\"og:image:type\" content=\"image\/png\" \/>\n<meta name=\"twitter:card\" content=\"summary_large_image\" \/>\n<script type=\"application\/ld+json\" class=\"yoast-schema-graph\">{\"@context\":\"https:\/\/schema.org\",\"@graph\":[{\"@type\":\"WebPage\",\"@id\":\"https:\/\/yemaksantebeaute.com\/produit\/technologies-pour-les-soins-de-la-peau\/\",\"url\":\"https:\/\/yemaksantebeaute.com\/produit\/technologies-pour-les-soins-de-la-peau\/\",\"name\":\"Technologies pour les Soins de la Peau - Yemak Sant\u00e9 Beaut\u00e9\",\"isPartOf\":{\"@id\":\"https:\/\/yemaksantebeaute.com\/#website\"},\"primaryImageOfPage\":{\"@id\":\"https:\/\/yemaksantebeaute.com\/produit\/technologies-pour-les-soins-de-la-peau\/#primaryimage\"},\"image\":{\"@id\":\"https:\/\/yemaksantebeaute.com\/produit\/technologies-pour-les-soins-de-la-peau\/#primaryimage\"},\"thumbnailUrl\":\"https:\/\/yemaksantebeaute.com\/wp-content\/uploads\/2025\/01\/img2.png\",\"datePublished\":\"2025-01-27T13:22:12+00:00\",\"dateModified\":\"2025-01-27T13:24:40+00:00\",\"breadcrumb\":{\"@id\":\"https:\/\/yemaksantebeaute.com\/produit\/technologies-pour-les-soins-de-la-peau\/#breadcrumb\"},\"inLanguage\":\"en-US\",\"potentialAction\":[{\"@type\":\"ReadAction\",\"target\":[\"https:\/\/yemaksantebeaute.com\/produit\/technologies-pour-les-soins-de-la-peau\/\"]}]},{\"@type\":\"ImageObject\",\"inLanguage\":\"en-US\",\"@id\":\"https:\/\/yemaksantebeaute.com\/produit\/technologies-pour-les-soins-de-la-peau\/#primaryimage\",\"url\":\"https:\/\/yemaksantebeaute.com\/wp-content\/uploads\/2025\/01\/img2.png\",\"contentUrl\":\"https:\/\/yemaksantebeaute.com\/wp-content\/uploads\/2025\/01\/img2.png\",\"width\":1024,\"height\":768},{\"@type\":\"BreadcrumbList\",\"@id\":\"https:\/\/yemaksantebeaute.com\/produit\/technologies-pour-les-soins-de-la-peau\/#breadcrumb\",\"itemListElement\":[{\"@type\":\"ListItem\",\"position\":1,\"name\":\"Accueil\",\"item\":\"https:\/\/yemaksantebeaute.com\/\"},{\"@type\":\"ListItem\",\"position\":2,\"name\":\"Technologies pour les Soins de la Peau\"}]},{\"@type\":\"WebSite\",\"@id\":\"https:\/\/yemaksantebeaute.com\/#website\",\"url\":\"https:\/\/yemaksantebeaute.com\/\",\"name\":\"Yemak Sant\u00e9 Beaut\u00e9\",\"description\":\"R\u00e9v\u00e9lez votre beaut\u00e9, sublimer votre bien-\u00eatre\",\"publisher\":{\"@id\":\"https:\/\/yemaksantebeaute.com\/#organization\"},\"potentialAction\":[{\"@type\":\"SearchAction\",\"target\":{\"@type\":\"EntryPoint\",\"urlTemplate\":\"https:\/\/yemaksantebeaute.com\/?s={search_term_string}\"},\"query-input\":{\"@type\":\"PropertyValueSpecification\",\"valueRequired\":true,\"valueName\":\"search_term_string\"}}],\"inLanguage\":\"en-US\"},{\"@type\":\"Organization\",\"@id\":\"https:\/\/yemaksantebeaute.com\/#organization\",\"name\":\"Yemak Sant\u00e9 Beaut\u00e9\",\"url\":\"https:\/\/yemaksantebeaute.com\/\",\"logo\":{\"@type\":\"ImageObject\",\"inLanguage\":\"en-US\",\"@id\":\"https:\/\/yemaksantebeaute.com\/#\/schema\/logo\/image\/\",\"url\":\"https:\/\/yemaksantebeaute.com\/wp-content\/uploads\/2023\/05\/yemak_logo_site_web-1.png\",\"contentUrl\":\"https:\/\/yemaksantebeaute.com\/wp-content\/uploads\/2023\/05\/yemak_logo_site_web-1.png\",\"width\":250,\"height\":250,\"caption\":\"Yemak Sant\u00e9 Beaut\u00e9\"},\"image\":{\"@id\":\"https:\/\/yemaksantebeaute.com\/#\/schema\/logo\/image\/\"}}]}<\/script>\n<!-- \/ Yoast SEO plugin. -->","yoast_head_json":{"title":"Skin Care Technologies - Yemak Sant\u00e9 Beaut\u00e9","robots":{"index":"index","follow":"follow","max-snippet":"max-snippet:-1","max-image-preview":"max-image-preview:large","max-video-preview":"max-video-preview:-1"},"canonical":"https:\/\/yemaksantebeaute.com\/en\/product\/technologies-pour-les-soins-de-la-peau\/","og_locale":"en_US","og_type":"article","og_title":"Technologies pour les Soins de la Peau - Yemak Sant\u00e9 Beaut\u00e9","og_description":"Objectif : Am\u00e9liorer la qualit\u00e9, la sant\u00e9 et l&rsquo;apparence de la peau. Laser dermatologique : Traitements pour cicatrices, taches pigmentaires, \u00e9pilation permanente. Radiofr\u00e9quence : Rajeunissement cutan\u00e9 et r\u00e9duction des rides. Microneedling : Stimulation du collag\u00e8ne pour une peau lisse. LED th\u00e9rapeutique : Traitement de l&rsquo;acn\u00e9 et am\u00e9lioration de l&rsquo;\u00e9clat. Peelings chimiques avanc\u00e9s : Pour une exfoliation profonde.","og_url":"https:\/\/yemaksantebeaute.com\/en\/product\/technologies-pour-les-soins-de-la-peau\/","og_site_name":"Yemak Sant\u00e9 Beaut\u00e9","article_modified_time":"2025-01-27T13:24:40+00:00","og_image":[{"width":1024,"height":768,"url":"https:\/\/yemaksantebeaute.com\/wp-content\/uploads\/2025\/01\/img2.png","type":"image\/png"}],"twitter_card":"summary_large_image","schema":{"@context":"https:\/\/schema.org","@graph":[{"@type":"WebPage","@id":"https:\/\/yemaksantebeaute.com\/produit\/technologies-pour-les-soins-de-la-peau\/","url":"https:\/\/yemaksantebeaute.com\/produit\/technologies-pour-les-soins-de-la-peau\/","name":"Skin Care Technologies - Yemak Sant\u00e9 Beaut\u00e9","isPartOf":{"@id":"https:\/\/yemaksantebeaute.com\/#website"},"primaryImageOfPage":{"@id":"https:\/\/yemaksantebeaute.com\/produit\/technologies-pour-les-soins-de-la-peau\/#primaryimage"},"image":{"@id":"https:\/\/yemaksantebeaute.com\/produit\/technologies-pour-les-soins-de-la-peau\/#primaryimage"},"thumbnailUrl":"https:\/\/yemaksantebeaute.com\/wp-content\/uploads\/2025\/01\/img2.png","datePublished":"2025-01-27T13:22:12+00:00","dateModified":"2025-01-27T13:24:40+00:00","breadcrumb":{"@id":"https:\/\/yemaksantebeaute.com\/produit\/technologies-pour-les-soins-de-la-peau\/#breadcrumb"},"inLanguage":"en-US","potentialAction":[{"@type":"ReadAction","target":["https:\/\/yemaksantebeaute.com\/produit\/technologies-pour-les-soins-de-la-peau\/"]}]},{"@type":"ImageObject","inLanguage":"en-US","@id":"https:\/\/yemaksantebeaute.com\/produit\/technologies-pour-les-soins-de-la-peau\/#primaryimage","url":"https:\/\/yemaksantebeaute.com\/wp-content\/uploads\/2025\/01\/img2.png","contentUrl":"https:\/\/yemaksantebeaute.com\/wp-content\/uploads\/2025\/01\/img2.png","width":1024,"height":768},{"@type":"BreadcrumbList","@id":"https:\/\/yemaksantebeaute.com\/produit\/technologies-pour-les-soins-de-la-peau\/#breadcrumb","itemListElement":[{"@type":"ListItem","position":1,"name":"Accueil","item":"https:\/\/yemaksantebeaute.com\/"},{"@type":"ListItem","position":2,"name":"Technologies pour les Soins de la Peau"}]},{"@type":"WebSite","@id":"https:\/\/yemaksantebeaute.com\/#website","url":"https:\/\/yemaksantebeaute.com\/","name":"Yemak Sant\u00e9 Beaut\u00e9","description":"R\u00e9v\u00e9lez votre beaut\u00e9, sublimer votre bien-\u00eatre","publisher":{"@id":"https:\/\/yemaksantebeaute.com\/#organization"},"potentialAction":[{"@type":"SearchAction","target":{"@type":"EntryPoint","urlTemplate":"https:\/\/yemaksantebeaute.com\/?s={search_term_string}"},"query-input":{"@type":"PropertyValueSpecification","valueRequired":true,"valueName":"search_term_string"}}],"inLanguage":"en-US"},{"@type":"Organization","@id":"https:\/\/yemaksantebeaute.com\/#organization","name":"Yemak Sant\u00e9 Beaut\u00e9","url":"https:\/\/yemaksantebeaute.com\/","logo":{"@type":"ImageObject","inLanguage":"en-US","@id":"https:\/\/yemaksantebeaute.com\/#\/schema\/logo\/image\/","url":"https:\/\/yemaksantebeaute.com\/wp-content\/uploads\/2023\/05\/yemak_logo_site_web-1.png","contentUrl":"https:\/\/yemaksantebeaute.com\/wp-content\/uploads\/2023\/05\/yemak_logo_site_web-1.png","width":250,"height":250,"caption":"Yemak Sant\u00e9 Beaut\u00e9"},"image":{"@id":"https:\/\/yemaksantebeaute.com\/#\/schema\/logo\/image\/"}}]}},"_links":{"self":[{"href":"https:\/\/yemaksantebeaute.com\/en\/wp-json\/wp\/v2\/product\/3884","targetHints":{"allow":["GET"]}}],"collection":[{"href":"https:\/\/yemaksantebeaute.com\/en\/wp-json\/wp\/v2\/product"}],"about":[{"href":"https:\/\/yemaksantebeaute.com\/en\/wp-json\/wp\/v2\/types\/product"}],"replies":[{"embeddable":true,"href":"https:\/\/yemaksantebeaute.com\/en\/wp-json\/wp\/v2\/comments?post=3884"}],"wp:featuredmedia":[{"embeddable":true,"href":"https:\/\/yemaksantebeaute.com\/en\/wp-json\/wp\/v2\/media\/3719"}],"wp:attachment":[{"href":"https:\/\/yemaksantebeaute.com\/en\/wp-json\/wp\/v2\/media?parent=3884"}],"wp:term":[{"taxonomy":"product_brand","embeddable":true,"href":"https:\/\/yemaksantebeaute.com\/en\/wp-json\/wp\/v2\/product_brand?post=3884"},{"taxonomy":"product_cat","embeddable":true,"href":"https:\/\/yemaksantebeaute.com\/en\/wp-json\/wp\/v2\/product_cat?post=3884"},{"taxonomy":"product_tag","embeddable":true,"href":"https:\/\/yemaksantebeaute.com\/en\/wp-json\/wp\/v2\/product_tag?post=3884"}],"curies":[{"name":"wp","href":"https:\/\/api.w.org\/{rel}","templated":true}]}}